{"id":11011,"date":"2021-08-13T16:55:32","date_gmt":"2021-08-13T14:55:32","guid":{"rendered":"https:\/\/www.goering.de\/?page_id=11011"},"modified":"2021-08-13T16:56:26","modified_gmt":"2021-08-13T14:56:26","slug":"performance-und-cfint","status":"publish","type":"page","link":"https:\/\/www.goering.de\/de\/performance-und-cfint\/","title":{"rendered":"Performance &#038; CFINT"},"content":{"rendered":"\t\t<div data-elementor-type=\"wp-page\" data-elementor-id=\"11011\" class=\"elementor elementor-11011\" data-elementor-post-type=\"page\">\n\t\t\t\t\t\t<section class=\"elementor-section elementor-top-section elementor-element elementor-element-94462b2 qodef-elementor-content-grid elementor-section-boxed elementor-section-height-default elementor-section-height-default\" data-id=\"94462b2\" data-element_type=\"section\" data-e-type=\"section\">\n\t\t\t\t\t\t<div class=\"elementor-container elementor-column-gap-default\">\n\t\t\t\t\t<div class=\"elementor-column elementor-col-33 elementor-top-column elementor-element elementor-element-7356ad11\" data-id=\"7356ad11\" data-element_type=\"column\" data-e-type=\"column\">\n\t\t\t<div class=\"elementor-widget-wrap elementor-element-populated\">\n\t\t\t\t\t\t<div class=\"elementor-element elementor-element-3bdcb296 elementor-widget__width-initial elementor-widget-tablet__width-inherit elementor-widget-mobile__width-inherit elementor-widget elementor-widget-text-editor\" data-id=\"3bdcb296\" data-element_type=\"widget\" data-e-type=\"widget\" data-widget_type=\"text-editor.default\">\n\t\t\t\t<div class=\"elementor-widget-container\">\n\t\t\t\t\t\t\t\t\t<h3 style=\"color: #1d1d1f; line-height: 45px;\">Performance &amp; CFINT mit GoFaster<\/h3>\t\t\t\t\t\t\t\t<\/div>\n\t\t\t\t<\/div>\n\t\t\t\t<div class=\"elementor-element elementor-element-90b62a7 elementor-widget elementor-widget-image\" data-id=\"90b62a7\" data-element_type=\"widget\" data-e-type=\"widget\" data-widget_type=\"image.default\">\n\t\t\t\t<div class=\"elementor-widget-container\">\n\t\t\t\t\t\t\t\t\t\t\t\t\t\t\t<img decoding=\"async\" src=\"https:\/\/www.goering.de\/wp-content\/uploads\/elementor\/thumbs\/GOERING-Icon_gofaster-qj0rvmdizbkfglu16u4hwrwdeewwbn51vcatmzu0nk.png\" title=\"GOERING-Icon_gofaster\" alt=\"GOERING-Icon_gofaster\" loading=\"lazy\" \/>\t\t\t\t\t\t\t\t\t\t\t\t\t\t\t<\/div>\n\t\t\t\t<\/div>\n\t\t\t\t\t<\/div>\n\t\t<\/div>\n\t\t\t\t<div class=\"elementor-column elementor-col-33 elementor-top-column elementor-element elementor-element-616a1401\" data-id=\"616a1401\" data-element_type=\"column\" data-e-type=\"column\">\n\t\t\t<div class=\"elementor-widget-wrap elementor-element-populated\">\n\t\t\t\t\t\t<div class=\"elementor-element elementor-element-742cb00c elementor-widget elementor-widget-webon_core_info_section\" data-id=\"742cb00c\" data-element_type=\"widget\" data-e-type=\"widget\" data-widget_type=\"webon_core_info_section.default\">\n\t\t\t\t<div class=\"elementor-widget-container\">\n\t\t\t\t\t<div class=\"qodef-shortcode qodef-m  qodef-info-section qodef-layout--standard   \">\n\t<div class=\"qodef-m-holder\">\n\t\t\t<h6 class=\"qodef-m-tagline\" style=\"color: #1D1D1F\">\n\t\t01.\t<\/h6>\n\t\t\t<span class=\"qodef-m-separator\" style=\"background-color: #DBDBDB\"><\/span>\n\t\t\t<h5 class=\"qodef-m-title\" style=\"margin-top: 22px;margin-bottom: 14px;color: #1D1D1F\">\n\t\tmehr interaktive Power\t<\/h5>\n\t\t\t<\/div>\n<\/div>\t\t\t\t<\/div>\n\t\t\t\t<\/div>\n\t\t\t\t<div class=\"elementor-element elementor-element-38ea2320 elementor-widget elementor-widget-webon_core_info_section\" data-id=\"38ea2320\" data-element_type=\"widget\" data-e-type=\"widget\" data-widget_type=\"webon_core_info_section.default\">\n\t\t\t\t<div class=\"elementor-widget-container\">\n\t\t\t\t\t<div class=\"qodef-shortcode qodef-m  qodef-info-section qodef-layout--standard   \">\n\t<div class=\"qodef-m-holder\">\n\t\t\t<h6 class=\"qodef-m-tagline\" style=\"color: #1D1D1F\">\n\t\t02.\t<\/h6>\n\t\t\t<span class=\"qodef-m-separator\" style=\"background-color: #DBDBDB\"><\/span>\n\t\t\t<h5 class=\"qodef-m-title\" style=\"margin-top: 22px;margin-bottom: 14px;color: #1D1D1F\">\n\t\tg\u00fcnstiger Preis\t<\/h5>\n\t\t\t<\/div>\n<\/div>\t\t\t\t<\/div>\n\t\t\t\t<\/div>\n\t\t\t\t\t<\/div>\n\t\t<\/div>\n\t\t\t\t<div class=\"elementor-column elementor-col-33 elementor-top-column elementor-element elementor-element-14360717\" data-id=\"14360717\" data-element_type=\"column\" data-e-type=\"column\">\n\t\t\t<div class=\"elementor-widget-wrap elementor-element-populated\">\n\t\t\t\t\t\t<div class=\"elementor-element elementor-element-30b66ea0 elementor-widget elementor-widget-webon_core_info_section\" data-id=\"30b66ea0\" data-element_type=\"widget\" data-e-type=\"widget\" data-widget_type=\"webon_core_info_section.default\">\n\t\t\t\t<div class=\"elementor-widget-container\">\n\t\t\t\t\t<div class=\"qodef-shortcode qodef-m  qodef-info-section qodef-layout--standard   \">\n\t<div class=\"qodef-m-holder\">\n\t\t\t<h6 class=\"qodef-m-tagline\" style=\"color: #1D1D1F\">\n\t\t03.\t<\/h6>\n\t\t\t<span class=\"qodef-m-separator\" style=\"background-color: #DBDBDB\"><\/span>\n\t\t\t<h5 class=\"qodef-m-title\" style=\"margin-top: 22px;margin-bottom: 14px;color: #1D1D1F\">\n\t\tZeitersparnis durch Einsatz unserer Software\t<\/h5>\n\t\t\t<\/div>\n<\/div>\t\t\t\t<\/div>\n\t\t\t\t<\/div>\n\t\t\t\t<div class=\"elementor-element elementor-element-7a17ecac elementor-widget-mobile__width-inherit elementor-widget elementor-widget-webon_core_info_section\" data-id=\"7a17ecac\" data-element_type=\"widget\" data-e-type=\"widget\" data-widget_type=\"webon_core_info_section.default\">\n\t\t\t\t<div class=\"elementor-widget-container\">\n\t\t\t\t\t<div class=\"qodef-shortcode qodef-m  qodef-info-section qodef-layout--standard   \">\n\t<div class=\"qodef-m-holder\">\n\t\t\t<h6 class=\"qodef-m-tagline\" style=\"color: #1D1D1F\">\n\t\t04.\t<\/h6>\n\t\t\t<span class=\"qodef-m-separator\" style=\"background-color: #DBDBDB\"><\/span>\n\t\t\t<h5 class=\"qodef-m-title\" style=\"margin-top: 22px;margin-bottom: 14px;color: #1D1D1F\">\n\t\tUpdate Feature\t<\/h5>\n\t\t\t\t<div class=\"qodef-m-info\">\n\t\t\t\t\t\t<div class=\"qodef-m-wrapper\">\n\t\t\t\t\t<div class=\"qodef-m-info-text\" style=\"color: #4C4C4C\">\n\t\tregelm\u00e4\u00dfige Updates\t<\/div>\n\t\t\t\t\t\t\t<\/div>\n\t\t<\/div>\n\t\t\t<\/div>\n<\/div>\t\t\t\t<\/div>\n\t\t\t\t<\/div>\n\t\t\t\t<div class=\"elementor-element elementor-element-3bd8051 elementor-widget-mobile__width-inherit elementor-widget elementor-widget-webon_core_info_section\" data-id=\"3bd8051\" data-element_type=\"widget\" data-e-type=\"widget\" data-widget_type=\"webon_core_info_section.default\">\n\t\t\t\t<div class=\"elementor-widget-container\">\n\t\t\t\t\t<div class=\"qodef-shortcode qodef-m  qodef-info-section qodef-layout--standard   \">\n\t<div class=\"qodef-m-holder\">\n\t\t\t<h6 class=\"qodef-m-tagline\" style=\"color: #1D1D1F\">\n\t\t05.\t<\/h6>\n\t\t\t<span class=\"qodef-m-separator\" style=\"background-color: #DBDBDB\"><\/span>\n\t\t\t<h5 class=\"qodef-m-title\" style=\"margin-top: 22px;margin-bottom: 14px;color: #1D1D1F\">\n\t\tschnelle Installation\t<\/h5>\n\t\t\t<\/div>\n<\/div>\t\t\t\t<\/div>\n\t\t\t\t<\/div>\n\t\t\t\t\t<\/div>\n\t\t<\/div>\n\t\t\t\t\t<\/div>\n\t\t<\/section>\n\t\t\t\t<section class=\"elementor-section elementor-top-section elementor-element elementor-element-1e582070 elementor-section-content-middle qodef-elementor-content-grid qodef-iwt-custom-resp-size elementor-section-boxed elementor-section-height-default elementor-section-height-default\" data-id=\"1e582070\" data-element_type=\"section\" data-e-type=\"section\">\n\t\t\t\t\t\t<div class=\"elementor-container elementor-column-gap-default\">\n\t\t\t\t\t<div class=\"elementor-column elementor-col-50 elementor-top-column elementor-element elementor-element-2c228953\" data-id=\"2c228953\" data-element_type=\"column\" data-e-type=\"column\">\n\t\t\t<div class=\"elementor-widget-wrap elementor-element-populated\">\n\t\t\t\t\t\t<div class=\"elementor-element elementor-element-6e9fec1f elementor-widget elementor-widget-webon_core_single_image\" data-id=\"6e9fec1f\" data-element_type=\"widget\" data-e-type=\"widget\" data-widget_type=\"webon_core_single_image.default\">\n\t\t\t\t<div class=\"elementor-widget-container\">\n\t\t\t\t\t<div class=\"qodef-shortcode qodef-m  qodef-single-image qodef-layout--standard qodef--custom-icon   \">\n\t<div class=\"qodef-m-image\" >\n\t\t\t<img fetchpriority=\"high\" decoding=\"async\" src=\"https:\/\/www.goering.de\/wp-content\/uploads\/2021\/08\/gofaster_rocket-450x400.jpg\" alt=\"gofaster_rocket\" width=\"450\" height=\"400\" \/>\t\t<div class=\"qodef-m-icon-wrapper\" style=\"top: calc(50% - 67px) ;left: calc(100% - 92px) \">\n\t\t\t\t\t<\/div>\n\t<\/div>\n\t<\/div>\t\t\t\t<\/div>\n\t\t\t\t<\/div>\n\t\t\t\t\t<\/div>\n\t\t<\/div>\n\t\t\t\t<div class=\"elementor-column elementor-col-50 elementor-top-column elementor-element elementor-element-78e6ffd1\" data-id=\"78e6ffd1\" data-element_type=\"column\" data-e-type=\"column\">\n\t\t\t<div class=\"elementor-widget-wrap elementor-element-populated\">\n\t\t\t\t\t\t<div class=\"elementor-element elementor-element-4f4d4996 elementor-widget__width-initial elementor-widget-tablet__width-inherit elementor-widget elementor-widget-webon_core_icon_with_text\" data-id=\"4f4d4996\" data-element_type=\"widget\" data-e-type=\"widget\" data-widget_type=\"webon_core_icon_with_text.default\">\n\t\t\t\t<div class=\"elementor-widget-container\">\n\t\t\t\t\t<div class=\"qodef-shortcode qodef-m  qodef-icon-with-text qodef-layout--before-content qodef--svg-icon\">\n\t<div class=\"qodef-m-icon-wrapper\">\n\t\t\t<div class=\"qodef-m-svg\" style=\"width: 80px\">\n\t\t\t<a itemprop=\"url\" href=\"#\" target=\"_self\">\n\t\t<svg xmlns=\"http:\/\/www.w3.org\/2000\/svg\" xmlns:xlink=\"http:\/\/www.w3.org\/1999\/xlink\" x=\"0px\" y=\"0px\"\n\t width=\"112px\" height=\"85px\" viewBox=\"0 0 112 85\" xml:space=\"preserve\">\n<g>\n\t<path d=\"M44.1,53.7c0.1,0.1,0.4,0.2,0.7,0.2c0.4,0,0.8-0.1,1.3-0.5l21-13.4l0.1-0.1c0.6-0.5,0.9-1.2,0.9-1.9s-0.3-1.4-0.9-1.9\n\t\tL46.1,22.6c-0.9-0.7-1.7-0.5-2-0.3c-0.3,0.1-1,0.6-1,1.9v27.7C43.1,53.1,43.8,53.6,44.1,53.7z M45.4,24.8l20.5,13.1\n\t\tc0,0,0.1,0.1,0.1,0.1s0,0.1-0.1,0.1L45.4,51.2V24.8z\"\/>\n\t<path d=\"M0,0v72.4h112V0H0z M109.7,70.1H2.3V2.3h107.5V70.1z\"\/>\n\t<path d=\"M110.9,80.4H17.4c-0.5-1.3-1.7-2.3-3.2-2.3s-2.7,1-3.2,2.3h-10v2.3h10c0.5,1.3,1.7,2.3,3.2,2.3s2.7-1,3.2-2.3h93.4V80.4z\"\n\t\t\/>\n<\/g>\n<\/svg>\t\t\t<\/a>\n\t\t<\/div>\n\t<\/div>\n\t<div class=\"qodef-m-content\">\n\t\t\t<h5 class=\"qodef-m-title\" style=\"margin-top: 15px\">\n\t\t\t\t\t<a itemprop=\"url\" href=\"#\" target=\"_self\">\n\t\t\t\t\t<span class=\"qodef-m-title-text\">System Voraussetzungen<\/span>\n\t\t\t\t\t<\/a>\n\t\t\t<\/h5>\n\t\t\t<p class=\"qodef-m-text\" >IBM POWER i V4R4 oder neuer mit OS\/400 i5\/OS\n<\/p>\n\t\t\t<\/div>\n<\/div>\n\t\t\t\t<\/div>\n\t\t\t\t<\/div>\n\t\t\t\t<div class=\"elementor-element elementor-element-eaad735 elementor-widget__width-initial elementor-widget-tablet__width-inherit elementor-widget elementor-widget-webon_core_icon_with_text\" data-id=\"eaad735\" data-element_type=\"widget\" data-e-type=\"widget\" data-widget_type=\"webon_core_icon_with_text.default\">\n\t\t\t\t<div class=\"elementor-widget-container\">\n\t\t\t\t\t<div class=\"qodef-shortcode qodef-m  qodef-icon-with-text qodef-layout--before-content qodef--custom-icon\">\n\t<div class=\"qodef-m-icon-wrapper\">\n\t\t\t<\/div>\n\t<div class=\"qodef-m-content\">\n\t\t\t<h5 class=\"qodef-m-title\" style=\"margin-top: 15px\">\n\t\t\t\t\t<a itemprop=\"url\" href=\"#\" target=\"_self\">\n\t\t\t\t\t<span class=\"qodef-m-title-text\">Weitere Informationen und Unterst\u00fctzung<\/span>\n\t\t\t\t\t<\/a>\n\t\t\t<\/h5>\n\t\t\t<p class=\"qodef-m-text\" >\n\nFragen Sie doch einfache unsere Experten!\n<\/p>\n\t\t\t<\/div>\n<\/div>\n\t\t\t\t<\/div>\n\t\t\t\t<\/div>\n\t\t\t\t\t<\/div>\n\t\t<\/div>\n\t\t\t\t\t<\/div>\n\t\t<\/section>\n\t\t\t\t<section class=\"elementor-section elementor-inner-section elementor-element elementor-element-1c26fd66 qodef-elementor-content-grid elementor-section-boxed elementor-section-height-default elementor-section-height-default\" data-id=\"1c26fd66\" data-element_type=\"section\" data-e-type=\"section\">\n\t\t\t\t\t\t<div class=\"elementor-container elementor-column-gap-default\">\n\t\t\t\t\t<div class=\"elementor-column elementor-col-100 elementor-inner-column elementor-element elementor-element-413ea6e\" data-id=\"413ea6e\" data-element_type=\"column\" data-e-type=\"column\">\n\t\t\t<div class=\"elementor-widget-wrap elementor-element-populated\">\n\t\t\t\t\t\t<div class=\"elementor-element elementor-element-f82621f elementor-widget elementor-widget-text-editor\" data-id=\"f82621f\" data-element_type=\"widget\" data-e-type=\"widget\" data-widget_type=\"text-editor.default\">\n\t\t\t\t<div class=\"elementor-widget-container\">\n\t\t\t\t\t\t\t\t\t<p>Wenn der CFINT zuschl\u00e4gt, kann GoFaster die Prozessor-Bremse l\u00f6sen und somit auch noch \u00e4ltere Systeme auf die Spr\u00fcnge helfen.<\/p><p>\u00a0<\/p>\t\t\t\t\t\t\t\t<\/div>\n\t\t\t\t<\/div>\n\t\t\t\t<div class=\"elementor-element elementor-element-41946ca elementor-alert-info elementor-widget elementor-widget-alert\" data-id=\"41946ca\" data-element_type=\"widget\" data-e-type=\"widget\" data-widget_type=\"alert.default\">\n\t\t\t\t<div class=\"elementor-widget-container\">\n\t\t\t\t\t\t\t<div class=\"elementor-alert\" role=\"alert\">\n\n\t\t\t\t\t\t<span class=\"elementor-alert-title\"> Software zum Test<\/span>\n\t\t\t\n\t\t\t\t\t\t<span class=\"elementor-alert-description\">Testen Sie doch einfach mal bei Ihrem n\u00e4chsten Monatsabschluss GoFaster f\u00fcr ein paar Tage v\u00f6llig unverbindlich.\n\nInstallation ist in 5 Minuten erledigt.<\/span>\n\t\t\t\n\t\t\t\t\t\t<button type=\"button\" class=\"elementor-alert-dismiss\" aria-label=\"Ignorieren Sie diese Meldung.\">\n\t\t\t\t\t\t\t\t\t<span aria-hidden=\"true\">&times;<\/span>\n\t\t\t\t\t\t\t<\/button>\n\t\t\t\n\t\t<\/div>\n\t\t\t\t\t\t<\/div>\n\t\t\t\t<\/div>\n\t\t\t\t<div class=\"elementor-element elementor-element-15da544 elementor-widget elementor-widget-text-editor\" data-id=\"15da544\" data-element_type=\"widget\" data-e-type=\"widget\" data-widget_type=\"text-editor.default\">\n\t\t\t\t<div class=\"elementor-widget-container\">\n\t\t\t\t\t\t\t\t\t<h4><strong>Preise\/Lizenzierung<\/strong><\/h4><p>GoFaster wird f\u00fcr einen bestimmten Zeitraum oder (neu!!!) zeitlich unlimitiert lizenziert.<br \/>Alle Preise schliessen auch Wartung mit ein.<br \/>Gerne Teilen wir den Preis f\u00fcr Ihre Maschine mit, Sie werden erstaunt sein, wie g\u00fcnstig Sie zu 100% Leistung kommen k\u00f6nnen!<br \/><strong><br \/><\/strong>Bringen Sie ihre alte Maschine wieder auf Dampf! Gerade die 270er Modelle haben weit mehr zu bieten als Sie denken!<\/p>\t\t\t\t\t\t\t\t<\/div>\n\t\t\t\t<\/div>\n\t\t\t\t\t<\/div>\n\t\t<\/div>\n\t\t\t\t\t<\/div>\n\t\t<\/section>\n\t\t\t\t<\/div>\n\t\t","protected":false},"excerpt":{"rendered":"<p>Performance &amp; CFINT mit GoFaster 01. mehr interaktive Power 02. g\u00fcnstiger Preis 03. Zeitersparnis durch Einsatz unserer Software 04. Update Feature regelm\u00e4\u00dfige Updates 05. schnelle Installation System Voraussetzungen IBM POWER i V4R4 oder neuer mit OS\/400 i5\/OS Weitere Informationen und Unterst\u00fctzung Fragen Sie doch einfache unsere Experten! Wenn der CFINT zuschl\u00e4gt, kann GoFaster die Prozessor-Bremse [&hellip;]<\/p>\n","protected":false},"author":1,"featured_media":0,"parent":0,"menu_order":0,"comment_status":"closed","ping_status":"closed","template":"page-full-width.php","meta":{"footnotes":""},"class_list":["post-11011","page","type-page","status-publish","hentry"],"yoast_head":"<!-- This site is optimized with the Yoast SEO plugin v27.1.1 - https:\/\/yoast.com\/product\/yoast-seo-wordpress\/ -->\n<title>Performance &amp; CFINT - GOERING GmbH<\/title>\n<meta name=\"robots\" content=\"index, follow, max-snippet:-1, max-image-preview:large, max-video-preview:-1\" \/>\n<link rel=\"canonical\" href=\"https:\/\/www.goering.de\/de\/performance-und-cfint\/\" \/>\n<meta property=\"og:locale\" content=\"de_DE\" \/>\n<meta property=\"og:type\" content=\"article\" \/>\n<meta property=\"og:title\" content=\"Performance &amp; CFINT - GOERING GmbH\" \/>\n<meta property=\"og:description\" content=\"Performance &amp; CFINT mit GoFaster 01. mehr interaktive Power 02. g\u00fcnstiger Preis 03. Zeitersparnis durch Einsatz unserer Software 04. Update Feature regelm\u00e4\u00dfige Updates 05. schnelle Installation System Voraussetzungen IBM POWER i V4R4 oder neuer mit OS\/400 i5\/OS Weitere Informationen und Unterst\u00fctzung Fragen Sie doch einfache unsere Experten! Wenn der CFINT zuschl\u00e4gt, kann GoFaster die Prozessor-Bremse [&hellip;]\" \/>\n<meta property=\"og:url\" content=\"https:\/\/www.goering.de\/de\/performance-und-cfint\/\" \/>\n<meta property=\"og:site_name\" content=\"GOERING GmbH\" \/>\n<meta property=\"article:modified_time\" content=\"2021-08-13T14:56:26+00:00\" \/>\n<meta property=\"og:image\" content=\"https:\/\/www.goering.de\/wp-content\/uploads\/elementor\/thumbs\/GOERING-Icon_gofaster-pbimns94w6ng7mybt1hv20jon3cojj7br3haz5lk28.png\" \/>\n<meta name=\"twitter:card\" content=\"summary_large_image\" \/>\n<meta name=\"twitter:label1\" content=\"Gesch\u00e4tzte Lesezeit\" \/>\n\t<meta name=\"twitter:data1\" content=\"1\u00a0Minute\" \/>\n<script type=\"application\/ld+json\" class=\"yoast-schema-graph\">{\"@context\":\"https:\/\/schema.org\",\"@graph\":[{\"@type\":\"WebPage\",\"@id\":\"https:\/\/www.goering.de\/performance-und-cfint\/\",\"url\":\"https:\/\/www.goering.de\/performance-und-cfint\/\",\"name\":\"Performance & CFINT - GOERING GmbH\",\"isPartOf\":{\"@id\":\"https:\/\/www.goering.de\/de\/#website\"},\"primaryImageOfPage\":{\"@id\":\"https:\/\/www.goering.de\/performance-und-cfint\/#primaryimage\"},\"image\":{\"@id\":\"https:\/\/www.goering.de\/performance-und-cfint\/#primaryimage\"},\"thumbnailUrl\":\"https:\/\/www.goering.de\/wp-content\/uploads\/elementor\/thumbs\/GOERING-Icon_gofaster-pbimns94w6ng7mybt1hv20jon3cojj7br3haz5lk28.png\",\"datePublished\":\"2021-08-13T14:55:32+00:00\",\"dateModified\":\"2021-08-13T14:56:26+00:00\",\"breadcrumb\":{\"@id\":\"https:\/\/www.goering.de\/performance-und-cfint\/#breadcrumb\"},\"inLanguage\":\"de\",\"potentialAction\":[{\"@type\":\"ReadAction\",\"target\":[\"https:\/\/www.goering.de\/performance-und-cfint\/\"]}]},{\"@type\":\"ImageObject\",\"inLanguage\":\"de\",\"@id\":\"https:\/\/www.goering.de\/performance-und-cfint\/#primaryimage\",\"url\":\"https:\/\/www.goering.de\/wp-content\/uploads\/elementor\/thumbs\/GOERING-Icon_gofaster-pbimns94w6ng7mybt1hv20jon3cojj7br3haz5lk28.png\",\"contentUrl\":\"https:\/\/www.goering.de\/wp-content\/uploads\/elementor\/thumbs\/GOERING-Icon_gofaster-pbimns94w6ng7mybt1hv20jon3cojj7br3haz5lk28.png\"},{\"@type\":\"BreadcrumbList\",\"@id\":\"https:\/\/www.goering.de\/performance-und-cfint\/#breadcrumb\",\"itemListElement\":[{\"@type\":\"ListItem\",\"position\":1,\"name\":\"Startseite\",\"item\":\"https:\/\/www.goering.de\/\"},{\"@type\":\"ListItem\",\"position\":2,\"name\":\"Performance &#038; CFINT\"}]},{\"@type\":\"WebSite\",\"@id\":\"https:\/\/www.goering.de\/de\/#website\",\"url\":\"https:\/\/www.goering.de\/de\/\",\"name\":\"GOERING GmbH\",\"description\":\"L\u00f6sungen und Modernisierungen f\u00fcr Ihre POWER i Tools!\",\"publisher\":{\"@id\":\"https:\/\/www.goering.de\/de\/#organization\"},\"potentialAction\":[{\"@type\":\"SearchAction\",\"target\":{\"@type\":\"EntryPoint\",\"urlTemplate\":\"https:\/\/www.goering.de\/de\/?s={search_term_string}\"},\"query-input\":{\"@type\":\"PropertyValueSpecification\",\"valueRequired\":true,\"valueName\":\"search_term_string\"}}],\"inLanguage\":\"de\"},{\"@type\":\"Organization\",\"@id\":\"https:\/\/www.goering.de\/de\/#organization\",\"name\":\"GOERING GmbH\",\"url\":\"https:\/\/www.goering.de\/de\/\",\"logo\":{\"@type\":\"ImageObject\",\"inLanguage\":\"de\",\"@id\":\"https:\/\/www.goering.de\/de\/#\/schema\/logo\/image\/\",\"url\":\"https:\/\/www.goering.de\/wp-content\/uploads\/2020\/12\/cropped-logo-sticky-GOERING-150x74-1.png\",\"contentUrl\":\"https:\/\/www.goering.de\/wp-content\/uploads\/2020\/12\/cropped-logo-sticky-GOERING-150x74-1.png\",\"width\":150,\"height\":74,\"caption\":\"GOERING GmbH\"},\"image\":{\"@id\":\"https:\/\/www.goering.de\/de\/#\/schema\/logo\/image\/\"}}]}<\/script>\n<!-- \/ Yoast SEO plugin. -->","yoast_head_json":{"title":"Performance & CFINT - GOERING GmbH","robots":{"index":"index","follow":"follow","max-snippet":"max-snippet:-1","max-image-preview":"max-image-preview:large","max-video-preview":"max-video-preview:-1"},"canonical":"https:\/\/www.goering.de\/de\/performance-und-cfint\/","og_locale":"de_DE","og_type":"article","og_title":"Performance & CFINT - GOERING GmbH","og_description":"Performance &amp; CFINT mit GoFaster 01. mehr interaktive Power 02. g\u00fcnstiger Preis 03. Zeitersparnis durch Einsatz unserer Software 04. Update Feature regelm\u00e4\u00dfige Updates 05. schnelle Installation System Voraussetzungen IBM POWER i V4R4 oder neuer mit OS\/400 i5\/OS Weitere Informationen und Unterst\u00fctzung Fragen Sie doch einfache unsere Experten! Wenn der CFINT zuschl\u00e4gt, kann GoFaster die Prozessor-Bremse [&hellip;]","og_url":"https:\/\/www.goering.de\/de\/performance-und-cfint\/","og_site_name":"GOERING GmbH","article_modified_time":"2021-08-13T14:56:26+00:00","og_image":[{"url":"https:\/\/www.goering.de\/wp-content\/uploads\/elementor\/thumbs\/GOERING-Icon_gofaster-pbimns94w6ng7mybt1hv20jon3cojj7br3haz5lk28.png","type":"","width":"","height":""}],"twitter_card":"summary_large_image","twitter_misc":{"Gesch\u00e4tzte Lesezeit":"1\u00a0Minute"},"schema":{"@context":"https:\/\/schema.org","@graph":[{"@type":"WebPage","@id":"https:\/\/www.goering.de\/performance-und-cfint\/","url":"https:\/\/www.goering.de\/performance-und-cfint\/","name":"Performance & CFINT - GOERING GmbH","isPartOf":{"@id":"https:\/\/www.goering.de\/de\/#website"},"primaryImageOfPage":{"@id":"https:\/\/www.goering.de\/performance-und-cfint\/#primaryimage"},"image":{"@id":"https:\/\/www.goering.de\/performance-und-cfint\/#primaryimage"},"thumbnailUrl":"https:\/\/www.goering.de\/wp-content\/uploads\/elementor\/thumbs\/GOERING-Icon_gofaster-pbimns94w6ng7mybt1hv20jon3cojj7br3haz5lk28.png","datePublished":"2021-08-13T14:55:32+00:00","dateModified":"2021-08-13T14:56:26+00:00","breadcrumb":{"@id":"https:\/\/www.goering.de\/performance-und-cfint\/#breadcrumb"},"inLanguage":"de","potentialAction":[{"@type":"ReadAction","target":["https:\/\/www.goering.de\/performance-und-cfint\/"]}]},{"@type":"ImageObject","inLanguage":"de","@id":"https:\/\/www.goering.de\/performance-und-cfint\/#primaryimage","url":"https:\/\/www.goering.de\/wp-content\/uploads\/elementor\/thumbs\/GOERING-Icon_gofaster-pbimns94w6ng7mybt1hv20jon3cojj7br3haz5lk28.png","contentUrl":"https:\/\/www.goering.de\/wp-content\/uploads\/elementor\/thumbs\/GOERING-Icon_gofaster-pbimns94w6ng7mybt1hv20jon3cojj7br3haz5lk28.png"},{"@type":"BreadcrumbList","@id":"https:\/\/www.goering.de\/performance-und-cfint\/#breadcrumb","itemListElement":[{"@type":"ListItem","position":1,"name":"Startseite","item":"https:\/\/www.goering.de\/"},{"@type":"ListItem","position":2,"name":"Performance &#038; CFINT"}]},{"@type":"WebSite","@id":"https:\/\/www.goering.de\/de\/#website","url":"https:\/\/www.goering.de\/de\/","name":"GOERING GmbH","description":"L\u00f6sungen und Modernisierungen f\u00fcr Ihre POWER i Tools!","publisher":{"@id":"https:\/\/www.goering.de\/de\/#organization"},"potentialAction":[{"@type":"SearchAction","target":{"@type":"EntryPoint","urlTemplate":"https:\/\/www.goering.de\/de\/?s={search_term_string}"},"query-input":{"@type":"PropertyValueSpecification","valueRequired":true,"valueName":"search_term_string"}}],"inLanguage":"de"},{"@type":"Organization","@id":"https:\/\/www.goering.de\/de\/#organization","name":"GOERING GmbH","url":"https:\/\/www.goering.de\/de\/","logo":{"@type":"ImageObject","inLanguage":"de","@id":"https:\/\/www.goering.de\/de\/#\/schema\/logo\/image\/","url":"https:\/\/www.goering.de\/wp-content\/uploads\/2020\/12\/cropped-logo-sticky-GOERING-150x74-1.png","contentUrl":"https:\/\/www.goering.de\/wp-content\/uploads\/2020\/12\/cropped-logo-sticky-GOERING-150x74-1.png","width":150,"height":74,"caption":"GOERING GmbH"},"image":{"@id":"https:\/\/www.goering.de\/de\/#\/schema\/logo\/image\/"}}]}},"_links":{"self":[{"href":"https:\/\/www.goering.de\/de\/wp-json\/wp\/v2\/pages\/11011","targetHints":{"allow":["GET"]}}],"collection":[{"href":"https:\/\/www.goering.de\/de\/wp-json\/wp\/v2\/pages"}],"about":[{"href":"https:\/\/www.goering.de\/de\/wp-json\/wp\/v2\/types\/page"}],"author":[{"embeddable":true,"href":"https:\/\/www.goering.de\/de\/wp-json\/wp\/v2\/users\/1"}],"replies":[{"embeddable":true,"href":"https:\/\/www.goering.de\/de\/wp-json\/wp\/v2\/comments?post=11011"}],"version-history":[{"count":5,"href":"https:\/\/www.goering.de\/de\/wp-json\/wp\/v2\/pages\/11011\/revisions"}],"predecessor-version":[{"id":11016,"href":"https:\/\/www.goering.de\/de\/wp-json\/wp\/v2\/pages\/11011\/revisions\/11016"}],"wp:attachment":[{"href":"https:\/\/www.goering.de\/de\/wp-json\/wp\/v2\/media?parent=11011"}],"curies":[{"name":"wp","href":"https:\/\/api.w.org\/{rel}","templated":true}]}}