{"id":9256,"date":"2021-08-11T11:20:44","date_gmt":"2021-08-11T09:20:44","guid":{"rendered":"https:\/\/www.goering.de\/?page_id=9256"},"modified":"2021-08-11T11:24:55","modified_gmt":"2021-08-11T09:24:55","slug":"impressum","status":"publish","type":"page","link":"https:\/\/www.goering.de\/de\/impressum\/","title":{"rendered":"Impressum"},"content":{"rendered":"<h3>Angaben gem\u00e4\u00df \u00a7 5 TMG:<\/h3>\n<p>GOERING GmbH<br \/>\nAlter Unter\u00f6wisheimer Weg 19<br \/>\n76646 Bruchsal<\/p>\n<h3>Vertreten durch:<\/h3>\n<p>Vertreten durch:<br \/>\nGOERING GmbH<\/p>\n<p>GESCH\u00c4FTSF\u00dcHRER: ANDREAS G\u00d6RING und ANNETTE G\u00d6RING<\/p>\n<h3>Kontakt:<\/h3>\n<p>Telefon: 07251 98 95 12<br \/>\nTelefax: 07251 98 95 13<br \/>\nE-Mail: info@goering.de<\/p>\n<h3>Registereintrag:<\/h3>\n<p>Eintragung im Handelsregister.<br \/>\nRegistergericht:Amtsgericht Mannheim<br \/>\nRegisternummer: HRB 726147<\/p>\n<h3>Umsatzsteuer:<\/h3>\n<p>Umsatzsteuer-Identifikationsnummer gem\u00e4\u00df \u00a727 a Umsatzsteuergesetz:<br \/>\nDE309498834<\/p>\n<h3>Streitschlichtung<\/h3>\n<p>Die Europ\u00e4ische Kommission stellt eine Plattform zur Online-Streitbeilegung (OS) bereit:\u00a0<a href=\"https:\/\/ec.europa.eu\/consumers\/odr\" target=\"_blank\" rel=\"noopener noreferrer\">https:\/\/ec.europa.eu\/consumers\/odr<\/a>.<br \/>\nUnsere E-Mail-Adresse finden Sie oben im Impressum.<\/p>\n<p>Wir sind nicht bereit oder verpflichtet, an Streitbeilegungsverfahren vor einer Verbraucherschlichtungsstelle teilzunehmen.<\/p>\n<h4>Haftung f\u00fcr Inhalte<\/h4>\n<p>Als Diensteanbieter sind wir gem\u00e4\u00df \u00a7 7 Abs.1 TMG f\u00fcr eigene Inhalte auf diesen Seiten nach den allgemeinen Gesetzen verantwortlich. Nach \u00a7\u00a7 8 bis 10 TMG sind wir als Diensteanbieter jedoch nicht verpflichtet, \u00fcbermittelte oder gespeicherte fremde Informationen zu \u00fcberwachen oder nach Umst\u00e4nden zu forschen, die auf eine rechtswidrige T\u00e4tigkeit hinweisen.<\/p>\n<p>Verpflichtungen zur Entfernung oder Sperrung der Nutzung von Informationen nach den allgemeinen Gesetzen bleiben hiervon unber\u00fchrt. Eine diesbez\u00fcgliche Haftung ist jedoch erst ab dem Zeitpunkt der Kenntnis einer konkreten Rechtsverletzung m\u00f6glich. Bei Bekanntwerden von entsprechenden Rechtsverletzungen werden wir diese Inhalte umgehend entfernen.<\/p>\n<h4>Haftung f\u00fcr Links<\/h4>\n<p>Unser Angebot enth\u00e4lt Links zu externen Websites Dritter, auf deren Inhalte wir keinen Einfluss haben. Deshalb k\u00f6nnen wir f\u00fcr diese fremden Inhalte auch keine Gew\u00e4hr \u00fcbernehmen. F\u00fcr die Inhalte der verlinkten Seiten ist stets der jeweilige Anbieter oder Betreiber der Seiten verantwortlich. Die verlinkten Seiten wurden zum Zeitpunkt der Verlinkung auf m\u00f6gliche Rechtsverst\u00f6\u00dfe \u00fcberpr\u00fcft. Rechtswidrige Inhalte waren zum Zeitpunkt der Verlinkung nicht erkennbar.<\/p>\n<p>Eine permanente inhaltliche Kontrolle der verlinkten Seiten ist jedoch ohne konkrete Anhaltspunkte einer Rechtsverletzung nicht zumutbar. Bei Bekanntwerden von Rechtsverletzungen werden wir derartige Links umgehend entfernen.<\/p>\n<h4>Urheberrecht<\/h4>\n<p>Die durch die Seitenbetreiber erstellten Inhalte und Werke auf diesen Seiten unterliegen dem deutschen Urheberrecht. Die Vervielf\u00e4ltigung, Bearbeitung, Verbreitung und jede Art der Verwertung au\u00dferhalb der Grenzen des Urheberrechtes bed\u00fcrfen der schriftlichen Zustimmung des jeweiligen Autors bzw. Erstellers. Downloads und Kopien dieser Seite sind nur f\u00fcr den privaten, nicht kommerziellen Gebrauch gestattet.<\/p>\n<p>Soweit die Inhalte auf dieser Seite nicht vom Betreiber erstellt wurden, werden die Urheberrechte Dritter beachtet. Insbesondere werden Inhalte Dritter als solche gekennzeichnet. Sollten Sie trotzdem auf eine Urheberrechtsverletzung aufmerksam werden, bitten wir um einen entsprechenden Hinweis. Bei Bekanntwerden von Rechtsverletzungen werden wir derartige Inhalte umgehend entfernen.<\/p>\n","protected":false},"excerpt":{"rendered":"<p>Angaben gem\u00e4\u00df \u00a7 5 TMG: GOERING GmbH Alter Unter\u00f6wisheimer Weg 19 76646 Bruchsal Vertreten durch: Vertreten durch: GOERING GmbH GESCH\u00c4FTSF\u00dcHRER: ANDREAS G\u00d6RING und ANNETTE G\u00d6RING Kontakt: Telefon: 07251 98 95 12 Telefax: 07251 98 95 13 E-Mail: info@goering.de Registereintrag: Eintragung im Handelsregister. Registergericht:Amtsgericht Mannheim Registernummer: HRB 726147 Umsatzsteuer: Umsatzsteuer-Identifikationsnummer gem\u00e4\u00df \u00a727 a Umsatzsteuergesetz: DE309498834 Streitschlichtung [&hellip;]<\/p>\n","protected":false},"author":1,"featured_media":0,"parent":0,"menu_order":0,"comment_status":"closed","ping_status":"open","template":"","meta":{"footnotes":""},"class_list":["post-9256","page","type-page","status-publish","hentry"],"yoast_head":"<!-- This site is optimized with the Yoast SEO plugin v27.4 - https:\/\/yoast.com\/product\/yoast-seo-wordpress\/ -->\n<title>Impressum - GOERING GmbH<\/title>\n<meta name=\"robots\" content=\"index, follow, max-snippet:-1, max-image-preview:large, max-video-preview:-1\" \/>\n<link rel=\"canonical\" href=\"https:\/\/www.goering.de\/de\/impressum\/\" \/>\n<meta property=\"og:locale\" content=\"de_DE\" \/>\n<meta property=\"og:type\" content=\"article\" \/>\n<meta property=\"og:title\" content=\"Impressum - GOERING GmbH\" \/>\n<meta property=\"og:description\" content=\"Angaben gem\u00e4\u00df \u00a7 5 TMG: GOERING GmbH Alter Unter\u00f6wisheimer Weg 19 76646 Bruchsal Vertreten durch: Vertreten durch: GOERING GmbH GESCH\u00c4FTSF\u00dcHRER: ANDREAS G\u00d6RING und ANNETTE G\u00d6RING Kontakt: Telefon: 07251 98 95 12 Telefax: 07251 98 95 13 E-Mail: info@goering.de Registereintrag: Eintragung im Handelsregister. Registergericht:Amtsgericht Mannheim Registernummer: HRB 726147 Umsatzsteuer: Umsatzsteuer-Identifikationsnummer gem\u00e4\u00df \u00a727 a Umsatzsteuergesetz: DE309498834 Streitschlichtung [&hellip;]\" \/>\n<meta property=\"og:url\" content=\"https:\/\/www.goering.de\/de\/impressum\/\" \/>\n<meta property=\"og:site_name\" content=\"GOERING GmbH\" \/>\n<meta property=\"article:modified_time\" content=\"2021-08-11T09:24:55+00:00\" \/>\n<meta name=\"twitter:card\" content=\"summary_large_image\" \/>\n<meta name=\"twitter:label1\" content=\"Gesch\u00e4tzte Lesezeit\" \/>\n\t<meta name=\"twitter:data1\" content=\"2\u00a0Minuten\" \/>\n<script type=\"application\/ld+json\" class=\"yoast-schema-graph\">{\"@context\":\"https:\\\/\\\/schema.org\",\"@graph\":[{\"@type\":\"WebPage\",\"@id\":\"https:\\\/\\\/www.goering.de\\\/impressum\\\/\",\"url\":\"https:\\\/\\\/www.goering.de\\\/impressum\\\/\",\"name\":\"Impressum - GOERING GmbH\",\"isPartOf\":{\"@id\":\"https:\\\/\\\/www.goering.de\\\/de\\\/#website\"},\"datePublished\":\"2021-08-11T09:20:44+00:00\",\"dateModified\":\"2021-08-11T09:24:55+00:00\",\"breadcrumb\":{\"@id\":\"https:\\\/\\\/www.goering.de\\\/impressum\\\/#breadcrumb\"},\"inLanguage\":\"de\",\"potentialAction\":[{\"@type\":\"ReadAction\",\"target\":[\"https:\\\/\\\/www.goering.de\\\/impressum\\\/\"]}]},{\"@type\":\"BreadcrumbList\",\"@id\":\"https:\\\/\\\/www.goering.de\\\/impressum\\\/#breadcrumb\",\"itemListElement\":[{\"@type\":\"ListItem\",\"position\":1,\"name\":\"Startseite\",\"item\":\"https:\\\/\\\/www.goering.de\\\/\"},{\"@type\":\"ListItem\",\"position\":2,\"name\":\"Impressum\"}]},{\"@type\":\"WebSite\",\"@id\":\"https:\\\/\\\/www.goering.de\\\/de\\\/#website\",\"url\":\"https:\\\/\\\/www.goering.de\\\/de\\\/\",\"name\":\"GOERING GmbH\",\"description\":\"L\u00f6sungen und Modernisierungen f\u00fcr Ihre POWER i Tools!\",\"publisher\":{\"@id\":\"https:\\\/\\\/www.goering.de\\\/de\\\/#organization\"},\"potentialAction\":[{\"@type\":\"SearchAction\",\"target\":{\"@type\":\"EntryPoint\",\"urlTemplate\":\"https:\\\/\\\/www.goering.de\\\/de\\\/?s={search_term_string}\"},\"query-input\":{\"@type\":\"PropertyValueSpecification\",\"valueRequired\":true,\"valueName\":\"search_term_string\"}}],\"inLanguage\":\"de\"},{\"@type\":\"Organization\",\"@id\":\"https:\\\/\\\/www.goering.de\\\/de\\\/#organization\",\"name\":\"GOERING GmbH\",\"url\":\"https:\\\/\\\/www.goering.de\\\/de\\\/\",\"logo\":{\"@type\":\"ImageObject\",\"inLanguage\":\"de\",\"@id\":\"https:\\\/\\\/www.goering.de\\\/de\\\/#\\\/schema\\\/logo\\\/image\\\/\",\"url\":\"https:\\\/\\\/www.goering.de\\\/wp-content\\\/uploads\\\/2020\\\/12\\\/cropped-logo-sticky-GOERING-150x74-1.png\",\"contentUrl\":\"https:\\\/\\\/www.goering.de\\\/wp-content\\\/uploads\\\/2020\\\/12\\\/cropped-logo-sticky-GOERING-150x74-1.png\",\"width\":150,\"height\":74,\"caption\":\"GOERING GmbH\"},\"image\":{\"@id\":\"https:\\\/\\\/www.goering.de\\\/de\\\/#\\\/schema\\\/logo\\\/image\\\/\"}}]}<\/script>\n<!-- \/ Yoast SEO plugin. -->","yoast_head_json":{"title":"Impressum - GOERING GmbH","robots":{"index":"index","follow":"follow","max-snippet":"max-snippet:-1","max-image-preview":"max-image-preview:large","max-video-preview":"max-video-preview:-1"},"canonical":"https:\/\/www.goering.de\/de\/impressum\/","og_locale":"de_DE","og_type":"article","og_title":"Impressum - GOERING GmbH","og_description":"Angaben gem\u00e4\u00df \u00a7 5 TMG: GOERING GmbH Alter Unter\u00f6wisheimer Weg 19 76646 Bruchsal Vertreten durch: Vertreten durch: GOERING GmbH GESCH\u00c4FTSF\u00dcHRER: ANDREAS G\u00d6RING und ANNETTE G\u00d6RING Kontakt: Telefon: 07251 98 95 12 Telefax: 07251 98 95 13 E-Mail: info@goering.de Registereintrag: Eintragung im Handelsregister. Registergericht:Amtsgericht Mannheim Registernummer: HRB 726147 Umsatzsteuer: Umsatzsteuer-Identifikationsnummer gem\u00e4\u00df \u00a727 a Umsatzsteuergesetz: DE309498834 Streitschlichtung [&hellip;]","og_url":"https:\/\/www.goering.de\/de\/impressum\/","og_site_name":"GOERING GmbH","article_modified_time":"2021-08-11T09:24:55+00:00","twitter_card":"summary_large_image","twitter_misc":{"Gesch\u00e4tzte Lesezeit":"2\u00a0Minuten"},"schema":{"@context":"https:\/\/schema.org","@graph":[{"@type":"WebPage","@id":"https:\/\/www.goering.de\/impressum\/","url":"https:\/\/www.goering.de\/impressum\/","name":"Impressum - GOERING GmbH","isPartOf":{"@id":"https:\/\/www.goering.de\/de\/#website"},"datePublished":"2021-08-11T09:20:44+00:00","dateModified":"2021-08-11T09:24:55+00:00","breadcrumb":{"@id":"https:\/\/www.goering.de\/impressum\/#breadcrumb"},"inLanguage":"de","potentialAction":[{"@type":"ReadAction","target":["https:\/\/www.goering.de\/impressum\/"]}]},{"@type":"BreadcrumbList","@id":"https:\/\/www.goering.de\/impressum\/#breadcrumb","itemListElement":[{"@type":"ListItem","position":1,"name":"Startseite","item":"https:\/\/www.goering.de\/"},{"@type":"ListItem","position":2,"name":"Impressum"}]},{"@type":"WebSite","@id":"https:\/\/www.goering.de\/de\/#website","url":"https:\/\/www.goering.de\/de\/","name":"GOERING GmbH","description":"L\u00f6sungen und Modernisierungen f\u00fcr Ihre POWER i Tools!","publisher":{"@id":"https:\/\/www.goering.de\/de\/#organization"},"potentialAction":[{"@type":"SearchAction","target":{"@type":"EntryPoint","urlTemplate":"https:\/\/www.goering.de\/de\/?s={search_term_string}"},"query-input":{"@type":"PropertyValueSpecification","valueRequired":true,"valueName":"search_term_string"}}],"inLanguage":"de"},{"@type":"Organization","@id":"https:\/\/www.goering.de\/de\/#organization","name":"GOERING GmbH","url":"https:\/\/www.goering.de\/de\/","logo":{"@type":"ImageObject","inLanguage":"de","@id":"https:\/\/www.goering.de\/de\/#\/schema\/logo\/image\/","url":"https:\/\/www.goering.de\/wp-content\/uploads\/2020\/12\/cropped-logo-sticky-GOERING-150x74-1.png","contentUrl":"https:\/\/www.goering.de\/wp-content\/uploads\/2020\/12\/cropped-logo-sticky-GOERING-150x74-1.png","width":150,"height":74,"caption":"GOERING GmbH"},"image":{"@id":"https:\/\/www.goering.de\/de\/#\/schema\/logo\/image\/"}}]}},"_links":{"self":[{"href":"https:\/\/www.goering.de\/de\/wp-json\/wp\/v2\/pages\/9256","targetHints":{"allow":["GET"]}}],"collection":[{"href":"https:\/\/www.goering.de\/de\/wp-json\/wp\/v2\/pages"}],"about":[{"href":"https:\/\/www.goering.de\/de\/wp-json\/wp\/v2\/types\/page"}],"author":[{"embeddable":true,"href":"https:\/\/www.goering.de\/de\/wp-json\/wp\/v2\/users\/1"}],"replies":[{"embeddable":true,"href":"https:\/\/www.goering.de\/de\/wp-json\/wp\/v2\/comments?post=9256"}],"version-history":[{"count":5,"href":"https:\/\/www.goering.de\/de\/wp-json\/wp\/v2\/pages\/9256\/revisions"}],"predecessor-version":[{"id":9262,"href":"https:\/\/www.goering.de\/de\/wp-json\/wp\/v2\/pages\/9256\/revisions\/9262"}],"wp:attachment":[{"href":"https:\/\/www.goering.de\/de\/wp-json\/wp\/v2\/media?parent=9256"}],"curies":[{"name":"wp","href":"https:\/\/api.w.org\/{rel}","templated":true}]}}