{"id":10385,"date":"2021-08-12T19:06:56","date_gmt":"2021-08-12T17:06:56","guid":{"rendered":"https:\/\/www.goering.de\/?page_id=10385"},"modified":"2021-08-12T21:15:38","modified_gmt":"2021-08-12T19:15:38","slug":"gofaster","status":"publish","type":"page","link":"https:\/\/www.goering.de\/en\/gofaster\/","title":{"rendered":"GoFaster"},"content":{"rendered":"<div data-elementor-type=\"wp-page\" data-elementor-id=\"10385\" class=\"elementor elementor-10385\" data-elementor-post-type=\"page\">\n\t\t\t\t\t\t<section class=\"elementor-section elementor-top-section elementor-element elementor-element-94462b2 qodef-elementor-content-grid elementor-section-boxed elementor-section-height-default elementor-section-height-default\" data-id=\"94462b2\" data-element_type=\"section\" data-e-type=\"section\">\n\t\t\t\t\t\t<div class=\"elementor-container elementor-column-gap-default\">\n\t\t\t\t\t<div class=\"elementor-column elementor-col-33 elementor-top-column elementor-element elementor-element-7356ad11\" data-id=\"7356ad11\" data-element_type=\"column\" data-e-type=\"column\">\n\t\t\t<div class=\"elementor-widget-wrap elementor-element-populated\">\n\t\t\t\t\t\t<div class=\"elementor-element elementor-element-3bdcb296 elementor-widget__width-initial elementor-widget-tablet__width-inherit elementor-widget-mobile__width-inherit elementor-widget elementor-widget-text-editor\" data-id=\"3bdcb296\" data-element_type=\"widget\" data-e-type=\"widget\" data-widget_type=\"text-editor.default\">\n\t\t\t\t<div class=\"elementor-widget-container\">\n\t\t\t\t\t\t\t\t\t<h3 style=\"color: #1d1d1f; line-height: 45px;\">GoFaster<\/h3>\t\t\t\t\t\t\t\t<\/div>\n\t\t\t\t<\/div>\n\t\t\t\t<div class=\"elementor-element elementor-element-90b62a7 elementor-widget elementor-widget-image\" data-id=\"90b62a7\" data-element_type=\"widget\" data-e-type=\"widget\" data-widget_type=\"image.default\">\n\t\t\t\t<div class=\"elementor-widget-container\">\n\t\t\t\t\t\t\t\t\t\t\t\t\t\t\t<img decoding=\"async\" src=\"https:\/\/www.goering.de\/wp-content\/uploads\/elementor\/thumbs\/GOERING-Icon_gofaster-qj0rvmdizbkfglu16u4hwrwdeewwbn51vcatmzu0nk.png\" title=\"GOERING-Icon_gofaster\" alt=\"GOERING-Icon_gofaster\" loading=\"lazy\" \/>\t\t\t\t\t\t\t\t\t\t\t\t\t\t\t<\/div>\n\t\t\t\t<\/div>\n\t\t\t\t\t<\/div>\n\t\t<\/div>\n\t\t\t\t<div class=\"elementor-column elementor-col-33 elementor-top-column elementor-element elementor-element-616a1401\" data-id=\"616a1401\" data-element_type=\"column\" data-e-type=\"column\">\n\t\t\t<div class=\"elementor-widget-wrap elementor-element-populated\">\n\t\t\t\t\t\t<div class=\"elementor-element elementor-element-742cb00c elementor-widget elementor-widget-webon_core_info_section\" data-id=\"742cb00c\" data-element_type=\"widget\" data-e-type=\"widget\" data-widget_type=\"webon_core_info_section.default\">\n\t\t\t\t<div class=\"elementor-widget-container\">\n\t\t\t\t\t<div class=\"qodef-shortcode qodef-m  qodef-info-section qodef-layout--standard\">\n\t<div class=\"qodef-m-holder\">\n\t\t\t<h6 class=\"qodef-m-tagline\" style=\"color: #1D1D1F\">\n\t\t01.\t<\/h6>\n\t\t\t<span class=\"qodef-m-separator\" style=\"background-color: #DBDBDB\"><\/span>\n\t\t\t<h5 class=\"qodef-m-title\" style=\"margin-top: 22px;margin-bottom: 14px;color: #1D1D1F\">\n\t\tmore interactive power\t<\/h5>\n\t\t\t<\/div>\n<\/div>\t\t\t\t<\/div>\n\t\t\t\t<\/div>\n\t\t\t\t<div class=\"elementor-element elementor-element-38ea2320 elementor-widget elementor-widget-webon_core_info_section\" data-id=\"38ea2320\" data-element_type=\"widget\" data-e-type=\"widget\" data-widget_type=\"webon_core_info_section.default\">\n\t\t\t\t<div class=\"elementor-widget-container\">\n\t\t\t\t\t<div class=\"qodef-shortcode qodef-m  qodef-info-section qodef-layout--standard\">\n\t<div class=\"qodef-m-holder\">\n\t\t\t<h6 class=\"qodef-m-tagline\" style=\"color: #1D1D1F\">\n\t\t02.\t<\/h6>\n\t\t\t<span class=\"qodef-m-separator\" style=\"background-color: #DBDBDB\"><\/span>\n\t\t\t<h5 class=\"qodef-m-title\" style=\"margin-top: 22px;margin-bottom: 14px;color: #1D1D1F\">\n\t\tFavourable price\t<\/h5>\n\t\t\t<\/div>\n<\/div>\t\t\t\t<\/div>\n\t\t\t\t<\/div>\n\t\t\t\t\t<\/div>\n\t\t<\/div>\n\t\t\t\t<div class=\"elementor-column elementor-col-33 elementor-top-column elementor-element elementor-element-14360717\" data-id=\"14360717\" data-element_type=\"column\" data-e-type=\"column\">\n\t\t\t<div class=\"elementor-widget-wrap elementor-element-populated\">\n\t\t\t\t\t\t<div class=\"elementor-element elementor-element-30b66ea0 elementor-widget elementor-widget-webon_core_info_section\" data-id=\"30b66ea0\" data-element_type=\"widget\" data-e-type=\"widget\" data-widget_type=\"webon_core_info_section.default\">\n\t\t\t\t<div class=\"elementor-widget-container\">\n\t\t\t\t\t<div class=\"qodef-shortcode qodef-m  qodef-info-section qodef-layout--standard\">\n\t<div class=\"qodef-m-holder\">\n\t\t\t<h6 class=\"qodef-m-tagline\" style=\"color: #1D1D1F\">\n\t\t03.\t<\/h6>\n\t\t\t<span class=\"qodef-m-separator\" style=\"background-color: #DBDBDB\"><\/span>\n\t\t\t<h5 class=\"qodef-m-title\" style=\"margin-top: 22px;margin-bottom: 14px;color: #1D1D1F\">\n\t\tTime saving through the use of our software\t<\/h5>\n\t\t\t<\/div>\n<\/div>\t\t\t\t<\/div>\n\t\t\t\t<\/div>\n\t\t\t\t<div class=\"elementor-element elementor-element-7a17ecac elementor-widget-mobile__width-inherit elementor-widget elementor-widget-webon_core_info_section\" data-id=\"7a17ecac\" data-element_type=\"widget\" data-e-type=\"widget\" data-widget_type=\"webon_core_info_section.default\">\n\t\t\t\t<div class=\"elementor-widget-container\">\n\t\t\t\t\t<div class=\"qodef-shortcode qodef-m  qodef-info-section qodef-layout--standard\">\n\t<div class=\"qodef-m-holder\">\n\t\t\t<h6 class=\"qodef-m-tagline\" style=\"color: #1D1D1F\">\n\t\t04.\t<\/h6>\n\t\t\t<span class=\"qodef-m-separator\" style=\"background-color: #DBDBDB\"><\/span>\n\t\t\t<h5 class=\"qodef-m-title\" style=\"margin-top: 22px;margin-bottom: 14px;color: #1D1D1F\">\n\t\tUpdate Feature\t<\/h5>\n\t\t\t\t<div class=\"qodef-m-info\">\n\t\t\t\t\t\t<div class=\"qodef-m-wrapper\">\n\t\t\t\t\t<div class=\"qodef-m-info-text\" style=\"color: #4C4C4C\">\n\t\tregular updates\t<\/div>\n\t\t\t\t\t\t\t<\/div>\n\t\t<\/div>\n\t\t\t<\/div>\n<\/div>\t\t\t\t<\/div>\n\t\t\t\t<\/div>\n\t\t\t\t<div class=\"elementor-element elementor-element-3bd8051 elementor-widget-mobile__width-inherit elementor-widget elementor-widget-webon_core_info_section\" data-id=\"3bd8051\" data-element_type=\"widget\" data-e-type=\"widget\" data-widget_type=\"webon_core_info_section.default\">\n\t\t\t\t<div class=\"elementor-widget-container\">\n\t\t\t\t\t<div class=\"qodef-shortcode qodef-m  qodef-info-section qodef-layout--standard\">\n\t<div class=\"qodef-m-holder\">\n\t\t\t<h6 class=\"qodef-m-tagline\" style=\"color: #1D1D1F\">\n\t\t05.\t<\/h6>\n\t\t\t<span class=\"qodef-m-separator\" style=\"background-color: #DBDBDB\"><\/span>\n\t\t\t<h5 class=\"qodef-m-title\" style=\"margin-top: 22px;margin-bottom: 14px;color: #1D1D1F\">\n\t\tQuick installation\t<\/h5>\n\t\t\t<\/div>\n<\/div>\t\t\t\t<\/div>\n\t\t\t\t<\/div>\n\t\t\t\t\t<\/div>\n\t\t<\/div>\n\t\t\t\t\t<\/div>\n\t\t<\/section>\n\t\t\t\t<section class=\"elementor-section elementor-top-section elementor-element elementor-element-1e582070 elementor-section-content-middle qodef-elementor-content-grid qodef-iwt-custom-resp-size elementor-section-boxed elementor-section-height-default elementor-section-height-default\" data-id=\"1e582070\" data-element_type=\"section\" data-e-type=\"section\">\n\t\t\t\t\t\t<div class=\"elementor-container elementor-column-gap-default\">\n\t\t\t\t\t<div class=\"elementor-column elementor-col-50 elementor-top-column elementor-element elementor-element-2c228953\" data-id=\"2c228953\" data-element_type=\"column\" data-e-type=\"column\">\n\t\t\t<div class=\"elementor-widget-wrap elementor-element-populated\">\n\t\t\t\t\t\t<div class=\"elementor-element elementor-element-6e9fec1f elementor-widget elementor-widget-webon_core_single_image\" data-id=\"6e9fec1f\" data-element_type=\"widget\" data-e-type=\"widget\" data-widget_type=\"webon_core_single_image.default\">\n\t\t\t\t<div class=\"elementor-widget-container\">\n\t\t\t\t\t<div class=\"qodef-shortcode qodef-m  qodef-single-image qodef-layout--standard qodef--custom-icon\">\n\t<div class=\"qodef-m-image\" >\n\t\t\t<img fetchpriority=\"high\" decoding=\"async\" src=\"https:\/\/www.goering.de\/wp-content\/uploads\/2021\/08\/gofaster_rocket-450x400.jpg\" alt=\"gofaster_rocket\" width=\"450\" height=\"400\" \/>\t\t<div class=\"qodef-m-icon-wrapper\" style=\"top: calc(50% - 67px) ;left: calc(100% - 92px) \">\n\t\t\t\t\t<\/div>\n\t<\/div>\n\t<\/div>\t\t\t\t<\/div>\n\t\t\t\t<\/div>\n\t\t\t\t\t<\/div>\n\t\t<\/div>\n\t\t\t\t<div class=\"elementor-column elementor-col-50 elementor-top-column elementor-element elementor-element-78e6ffd1\" data-id=\"78e6ffd1\" data-element_type=\"column\" data-e-type=\"column\">\n\t\t\t<div class=\"elementor-widget-wrap elementor-element-populated\">\n\t\t\t\t\t\t<div class=\"elementor-element elementor-element-4f4d4996 elementor-widget__width-initial elementor-widget-tablet__width-inherit elementor-widget elementor-widget-webon_core_icon_with_text\" data-id=\"4f4d4996\" data-element_type=\"widget\" data-e-type=\"widget\" data-widget_type=\"webon_core_icon_with_text.default\">\n\t\t\t\t<div class=\"elementor-widget-container\">\n\t\t\t\t\t<div class=\"qodef-shortcode qodef-m  qodef-icon-with-text qodef-layout--before-content qodef--svg-icon\">\n\t<div class=\"qodef-m-icon-wrapper\">\n\t\t\t<div class=\"qodef-m-svg\" style=\"width: 80px\">\n\t\t\t<a itemprop=\"url\" href=\"#\" target=\"_self\">\n\t\t<svg xmlns=\"http:\/\/www.w3.org\/2000\/svg\" xmlns:xlink=\"http:\/\/www.w3.org\/1999\/xlink\" x=\"0px\" y=\"0px\"\n\t width=\"112px\" height=\"85px\" viewbox=\"0 0 112 85\" xml:space=\"preserve\">\n<g>\n\t<path d=\"M44.1,53.7c0.1,0.1,0.4,0.2,0.7,0.2c0.4,0,0.8-0.1,1.3-0.5l21-13.4l0.1-0.1c0.6-0.5,0.9-1.2,0.9-1.9s-0.3-1.4-0.9-1.9\t\tL46.1,22.6c-0.9-0.7-1.7-0.5-2-0.3c-0.3,0.1-1,0.6-1,1.9v27.7C43.1,53.1,43.8,53.6,44.1,53.7z M45.4,24.8l20.5,13.1\t\tc0,0,0.1,0.1,0.1,0.1s0,0.1-0.1,0.1L45.4,51.2V24.8z\"\/>\n\t<path d=\"M0,0v72.4h112V0H0z M109.7,70.1H2.3V2.3h107.5V70.1z\"\/>\n\t<path d=\"M110.9,80.4H17.4c-0.5-1.3-1.7-2.3-3.2-2.3s-2.7,1-3.2,2.3h-10v2.3h10c0.5,1.3,1.7,2.3,3.2,2.3s2.7-1,3.2-2.3h93.4V80.4z\"\n\t\t\/>\n<\/g>\n<\/svg>\t\t\t<\/a>\n\t\t<\/div>\n\t<\/div>\n\t<div class=\"qodef-m-content\">\n\t\t\t<h5 class=\"qodef-m-title\" style=\"margin-top: 15px\">\n\t\t\t\t\t<a itemprop=\"url\" href=\"#\" target=\"_self\">\n\t\t\t\t\t<span class=\"qodef-m-title-text\">System requirements<\/span>\n\t\t\t\t\t<\/a>\n\t\t\t<\/h5>\n\t\t\t<p class=\"qodef-m-text\" >IBM POWER i V4R4 or newer with OS\/400 i5\/OS\n<\/p>\n\t\t\t<\/div>\n<\/div>\n\t\t\t\t<\/div>\n\t\t\t\t<\/div>\n\t\t\t\t<div class=\"elementor-element elementor-element-eaad735 elementor-widget__width-initial elementor-widget-tablet__width-inherit elementor-widget elementor-widget-webon_core_icon_with_text\" data-id=\"eaad735\" data-element_type=\"widget\" data-e-type=\"widget\" data-widget_type=\"webon_core_icon_with_text.default\">\n\t\t\t\t<div class=\"elementor-widget-container\">\n\t\t\t\t\t<div class=\"qodef-shortcode qodef-m  qodef-icon-with-text qodef-layout--before-content qodef--custom-icon\">\n\t<div class=\"qodef-m-icon-wrapper\">\n\t\t\t<\/div>\n\t<div class=\"qodef-m-content\">\n\t\t\t<h5 class=\"qodef-m-title\" style=\"margin-top: 15px\">\n\t\t\t\t\t<a itemprop=\"url\" href=\"#\" target=\"_self\">\n\t\t\t\t\t<span class=\"qodef-m-title-text\">Further information and support<\/span>\n\t\t\t\t\t<\/a>\n\t\t\t<\/h5>\n\t\t\t<p class=\"qodef-m-text\" >\n\nJust ask our experts!\n<\/p>\n\t\t\t<\/div>\n<\/div>\n\t\t\t\t<\/div>\n\t\t\t\t<\/div>\n\t\t\t\t\t<\/div>\n\t\t<\/div>\n\t\t\t\t\t<\/div>\n\t\t<\/section>\n\t\t\t\t<section class=\"elementor-section elementor-inner-section elementor-element elementor-element-1c26fd66 qodef-elementor-content-grid elementor-section-boxed elementor-section-height-default elementor-section-height-default\" data-id=\"1c26fd66\" data-element_type=\"section\" data-e-type=\"section\">\n\t\t\t\t\t\t<div class=\"elementor-container elementor-column-gap-default\">\n\t\t\t\t\t<div class=\"elementor-column elementor-col-100 elementor-inner-column elementor-element elementor-element-413ea6e\" data-id=\"413ea6e\" data-element_type=\"column\" data-e-type=\"column\">\n\t\t\t<div class=\"elementor-widget-wrap elementor-element-populated\">\n\t\t\t\t\t\t<div class=\"elementor-element elementor-element-f82621f elementor-widget elementor-widget-text-editor\" data-id=\"f82621f\" data-element_type=\"widget\" data-e-type=\"widget\" data-widget_type=\"text-editor.default\">\n\t\t\t\t<div class=\"elementor-widget-container\">\n\t\t\t\t\t\t\t\t\t<p>When the CFINT hits, GoFaster can release the processor brake, giving even older systems a leg up.<\/p><p>\u00a0<\/p>\t\t\t\t\t\t\t\t<\/div>\n\t\t\t\t<\/div>\n\t\t\t\t<div class=\"elementor-element elementor-element-41946ca elementor-alert-info elementor-widget elementor-widget-alert\" data-id=\"41946ca\" data-element_type=\"widget\" data-e-type=\"widget\" data-widget_type=\"alert.default\">\n\t\t\t\t<div class=\"elementor-widget-container\">\n\t\t\t\t\t\t\t<div class=\"elementor-alert\" role=\"alert\">\n\n\t\t\t\t\t\t<span class=\"elementor-alert-title\"> Test software<\/span>\n\t\t\t\n\t\t\t\t\t\t<span class=\"elementor-alert-description\">Why not try GoFaster for a few days at your next monthly closing without any obligation?\n\nInstallation is done in 5 minutes.<\/span>\n\t\t\t\n\t\t\t\t\t\t<button type=\"button\" class=\"elementor-alert-dismiss\" aria-label=\"Dismiss this alert.\" data-no-translation-aria-label=\"\">\n\t\t\t\t\t\t\t\t\t<span aria-hidden=\"true\">\u00d7<\/span>\n\t\t\t\t\t\t\t<\/button>\n\t\t\t\n\t\t<\/div>\n\t\t\t\t\t\t<\/div>\n\t\t\t\t<\/div>\n\t\t\t\t<div class=\"elementor-element elementor-element-15da544 elementor-widget elementor-widget-text-editor\" data-id=\"15da544\" data-element_type=\"widget\" data-e-type=\"widget\" data-widget_type=\"text-editor.default\">\n\t\t\t\t<div class=\"elementor-widget-container\">\n\t\t\t\t\t\t\t\t\t<h4><strong>Prices\/Licensing<\/strong><\/h4><p>GoFaster is licensed for a certain period of time or (new!!!) unlimited time.<br \/>All prices also include maintenance.<br \/>We will gladly inform you of the price for your machine, you will be amazed at how cheap you can get 100% performance!<br \/><strong><br \/><\/strong>Get your old machine back up to steam! The 270 models in particular have far more to offer than you think!<\/p>\t\t\t\t\t\t\t\t<\/div>\n\t\t\t\t<\/div>\n\t\t\t\t\t<\/div>\n\t\t<\/div>\n\t\t\t\t\t<\/div>\n\t\t<\/section>\n\t\t\t\t<\/div>","protected":false},"excerpt":{"rendered":"<p>GoFaster 01. mehr interaktive Power 02. g\u00fcnstiger Preis 03. Zeitersparnis durch Einsatz unserer Software 04. Update Feature regelm\u00e4\u00dfige Updates 05. schnelle Installation System Voraussetzungen IBM POWER i V4R4 oder neuer mit OS\/400 i5\/OS Weitere Informationen und Unterst\u00fctzung Fragen Sie doch einfache unsere Experten! Wenn der CFINT zuschl\u00e4gt, kann GoFaster die Prozessor-Bremse l\u00f6sen und somit auch [&hellip;]<\/p>\n","protected":false},"author":1,"featured_media":0,"parent":0,"menu_order":0,"comment_status":"closed","ping_status":"closed","template":"page-full-width.php","meta":{"footnotes":""},"class_list":["post-10385","page","type-page","status-publish","hentry"],"yoast_head":"<!-- This site is optimized with the Yoast SEO plugin v27.3 - https:\/\/yoast.com\/product\/yoast-seo-wordpress\/ -->\n<title>GoFaster - GOERING GmbH<\/title>\n<meta name=\"robots\" content=\"index, follow, max-snippet:-1, max-image-preview:large, max-video-preview:-1\" \/>\n<link rel=\"canonical\" href=\"https:\/\/www.goering.de\/en\/gofaster\/\" \/>\n<meta property=\"og:locale\" content=\"en_GB\" \/>\n<meta property=\"og:type\" content=\"article\" \/>\n<meta property=\"og:title\" content=\"GoFaster - GOERING GmbH\" \/>\n<meta property=\"og:description\" content=\"GoFaster 01. mehr interaktive Power 02. g\u00fcnstiger Preis 03. Zeitersparnis durch Einsatz unserer Software 04. Update Feature regelm\u00e4\u00dfige Updates 05. schnelle Installation System Voraussetzungen IBM POWER i V4R4 oder neuer mit OS\/400 i5\/OS Weitere Informationen und Unterst\u00fctzung Fragen Sie doch einfache unsere Experten! Wenn der CFINT zuschl\u00e4gt, kann GoFaster die Prozessor-Bremse l\u00f6sen und somit auch [&hellip;]\" \/>\n<meta property=\"og:url\" content=\"https:\/\/www.goering.de\/en\/gofaster\/\" \/>\n<meta property=\"og:site_name\" content=\"GOERING GmbH\" \/>\n<meta property=\"article:modified_time\" content=\"2021-08-12T19:15:38+00:00\" \/>\n<meta property=\"og:image\" content=\"https:\/\/www.goering.de\/wp-content\/uploads\/elementor\/thumbs\/GOERING-Icon_gofaster-pbimns94w6ng7mybt1hv20jon3cojj7br3haz5lk28.png\" \/>\n<meta name=\"twitter:card\" content=\"summary_large_image\" \/>\n<meta name=\"twitter:label1\" content=\"Estimated reading time\" \/>\n\t<meta name=\"twitter:data1\" content=\"1 minute\" \/>\n<script type=\"application\/ld+json\" class=\"yoast-schema-graph\">{\"@context\":\"https:\\\/\\\/schema.org\",\"@graph\":[{\"@type\":\"WebPage\",\"@id\":\"https:\\\/\\\/www.goering.de\\\/gofaster\\\/\",\"url\":\"https:\\\/\\\/www.goering.de\\\/gofaster\\\/\",\"name\":\"GoFaster - GOERING GmbH\",\"isPartOf\":{\"@id\":\"https:\\\/\\\/www.goering.de\\\/de\\\/#website\"},\"primaryImageOfPage\":{\"@id\":\"https:\\\/\\\/www.goering.de\\\/gofaster\\\/#primaryimage\"},\"image\":{\"@id\":\"https:\\\/\\\/www.goering.de\\\/gofaster\\\/#primaryimage\"},\"thumbnailUrl\":\"https:\\\/\\\/www.goering.de\\\/wp-content\\\/uploads\\\/elementor\\\/thumbs\\\/GOERING-Icon_gofaster-pbimns94w6ng7mybt1hv20jon3cojj7br3haz5lk28.png\",\"datePublished\":\"2021-08-12T17:06:56+00:00\",\"dateModified\":\"2021-08-12T19:15:38+00:00\",\"breadcrumb\":{\"@id\":\"https:\\\/\\\/www.goering.de\\\/gofaster\\\/#breadcrumb\"},\"inLanguage\":\"en-GB\",\"potentialAction\":[{\"@type\":\"ReadAction\",\"target\":[\"https:\\\/\\\/www.goering.de\\\/gofaster\\\/\"]}]},{\"@type\":\"ImageObject\",\"inLanguage\":\"en-GB\",\"@id\":\"https:\\\/\\\/www.goering.de\\\/gofaster\\\/#primaryimage\",\"url\":\"https:\\\/\\\/www.goering.de\\\/wp-content\\\/uploads\\\/elementor\\\/thumbs\\\/GOERING-Icon_gofaster-pbimns94w6ng7mybt1hv20jon3cojj7br3haz5lk28.png\",\"contentUrl\":\"https:\\\/\\\/www.goering.de\\\/wp-content\\\/uploads\\\/elementor\\\/thumbs\\\/GOERING-Icon_gofaster-pbimns94w6ng7mybt1hv20jon3cojj7br3haz5lk28.png\"},{\"@type\":\"BreadcrumbList\",\"@id\":\"https:\\\/\\\/www.goering.de\\\/gofaster\\\/#breadcrumb\",\"itemListElement\":[{\"@type\":\"ListItem\",\"position\":1,\"name\":\"Startseite\",\"item\":\"https:\\\/\\\/www.goering.de\\\/\"},{\"@type\":\"ListItem\",\"position\":2,\"name\":\"GoFaster\"}]},{\"@type\":\"WebSite\",\"@id\":\"https:\\\/\\\/www.goering.de\\\/de\\\/#website\",\"url\":\"https:\\\/\\\/www.goering.de\\\/de\\\/\",\"name\":\"GOERING GmbH\",\"description\":\"L\u00f6sungen und Modernisierungen f\u00fcr Ihre POWER i Tools!\",\"publisher\":{\"@id\":\"https:\\\/\\\/www.goering.de\\\/de\\\/#organization\"},\"potentialAction\":[{\"@type\":\"SearchAction\",\"target\":{\"@type\":\"EntryPoint\",\"urlTemplate\":\"https:\\\/\\\/www.goering.de\\\/de\\\/?s={search_term_string}\"},\"query-input\":{\"@type\":\"PropertyValueSpecification\",\"valueRequired\":true,\"valueName\":\"search_term_string\"}}],\"inLanguage\":\"en-GB\"},{\"@type\":\"Organization\",\"@id\":\"https:\\\/\\\/www.goering.de\\\/de\\\/#organization\",\"name\":\"GOERING GmbH\",\"url\":\"https:\\\/\\\/www.goering.de\\\/de\\\/\",\"logo\":{\"@type\":\"ImageObject\",\"inLanguage\":\"en-GB\",\"@id\":\"https:\\\/\\\/www.goering.de\\\/de\\\/#\\\/schema\\\/logo\\\/image\\\/\",\"url\":\"https:\\\/\\\/www.goering.de\\\/wp-content\\\/uploads\\\/2020\\\/12\\\/cropped-logo-sticky-GOERING-150x74-1.png\",\"contentUrl\":\"https:\\\/\\\/www.goering.de\\\/wp-content\\\/uploads\\\/2020\\\/12\\\/cropped-logo-sticky-GOERING-150x74-1.png\",\"width\":150,\"height\":74,\"caption\":\"GOERING GmbH\"},\"image\":{\"@id\":\"https:\\\/\\\/www.goering.de\\\/de\\\/#\\\/schema\\\/logo\\\/image\\\/\"}}]}<\/script>\n<!-- \/ Yoast SEO plugin. -->","yoast_head_json":{"title":"GoFaster - GOERING GmbH","robots":{"index":"index","follow":"follow","max-snippet":"max-snippet:-1","max-image-preview":"max-image-preview:large","max-video-preview":"max-video-preview:-1"},"canonical":"https:\/\/www.goering.de\/en\/gofaster\/","og_locale":"en_GB","og_type":"article","og_title":"GoFaster - GOERING GmbH","og_description":"GoFaster 01. mehr interaktive Power 02. g\u00fcnstiger Preis 03. Zeitersparnis durch Einsatz unserer Software 04. Update Feature regelm\u00e4\u00dfige Updates 05. schnelle Installation System Voraussetzungen IBM POWER i V4R4 oder neuer mit OS\/400 i5\/OS Weitere Informationen und Unterst\u00fctzung Fragen Sie doch einfache unsere Experten! Wenn der CFINT zuschl\u00e4gt, kann GoFaster die Prozessor-Bremse l\u00f6sen und somit auch [&hellip;]","og_url":"https:\/\/www.goering.de\/en\/gofaster\/","og_site_name":"GOERING GmbH","article_modified_time":"2021-08-12T19:15:38+00:00","og_image":[{"url":"https:\/\/www.goering.de\/wp-content\/uploads\/elementor\/thumbs\/GOERING-Icon_gofaster-pbimns94w6ng7mybt1hv20jon3cojj7br3haz5lk28.png","type":"","width":"","height":""}],"twitter_card":"summary_large_image","twitter_misc":{"Estimated reading time":"1 minute"},"schema":{"@context":"https:\/\/schema.org","@graph":[{"@type":"WebPage","@id":"https:\/\/www.goering.de\/gofaster\/","url":"https:\/\/www.goering.de\/gofaster\/","name":"GoFaster - GOERING GmbH","isPartOf":{"@id":"https:\/\/www.goering.de\/de\/#website"},"primaryImageOfPage":{"@id":"https:\/\/www.goering.de\/gofaster\/#primaryimage"},"image":{"@id":"https:\/\/www.goering.de\/gofaster\/#primaryimage"},"thumbnailUrl":"https:\/\/www.goering.de\/wp-content\/uploads\/elementor\/thumbs\/GOERING-Icon_gofaster-pbimns94w6ng7mybt1hv20jon3cojj7br3haz5lk28.png","datePublished":"2021-08-12T17:06:56+00:00","dateModified":"2021-08-12T19:15:38+00:00","breadcrumb":{"@id":"https:\/\/www.goering.de\/gofaster\/#breadcrumb"},"inLanguage":"en-GB","potentialAction":[{"@type":"ReadAction","target":["https:\/\/www.goering.de\/gofaster\/"]}]},{"@type":"ImageObject","inLanguage":"en-GB","@id":"https:\/\/www.goering.de\/gofaster\/#primaryimage","url":"https:\/\/www.goering.de\/wp-content\/uploads\/elementor\/thumbs\/GOERING-Icon_gofaster-pbimns94w6ng7mybt1hv20jon3cojj7br3haz5lk28.png","contentUrl":"https:\/\/www.goering.de\/wp-content\/uploads\/elementor\/thumbs\/GOERING-Icon_gofaster-pbimns94w6ng7mybt1hv20jon3cojj7br3haz5lk28.png"},{"@type":"BreadcrumbList","@id":"https:\/\/www.goering.de\/gofaster\/#breadcrumb","itemListElement":[{"@type":"ListItem","position":1,"name":"Startseite","item":"https:\/\/www.goering.de\/"},{"@type":"ListItem","position":2,"name":"GoFaster"}]},{"@type":"WebSite","@id":"https:\/\/www.goering.de\/de\/#website","url":"https:\/\/www.goering.de\/de\/","name":"GOERING GmbH","description":"Solutions and modernisations for your POWER i Tools!","publisher":{"@id":"https:\/\/www.goering.de\/de\/#organization"},"potentialAction":[{"@type":"SearchAction","target":{"@type":"EntryPoint","urlTemplate":"https:\/\/www.goering.de\/de\/?s={search_term_string}"},"query-input":{"@type":"PropertyValueSpecification","valueRequired":true,"valueName":"search_term_string"}}],"inLanguage":"en-GB"},{"@type":"Organization","@id":"https:\/\/www.goering.de\/de\/#organization","name":"GOERING GmbH","url":"https:\/\/www.goering.de\/de\/","logo":{"@type":"ImageObject","inLanguage":"en-GB","@id":"https:\/\/www.goering.de\/de\/#\/schema\/logo\/image\/","url":"https:\/\/www.goering.de\/wp-content\/uploads\/2020\/12\/cropped-logo-sticky-GOERING-150x74-1.png","contentUrl":"https:\/\/www.goering.de\/wp-content\/uploads\/2020\/12\/cropped-logo-sticky-GOERING-150x74-1.png","width":150,"height":74,"caption":"GOERING GmbH"},"image":{"@id":"https:\/\/www.goering.de\/de\/#\/schema\/logo\/image\/"}}]}},"_links":{"self":[{"href":"https:\/\/www.goering.de\/en\/wp-json\/wp\/v2\/pages\/10385","targetHints":{"allow":["GET"]}}],"collection":[{"href":"https:\/\/www.goering.de\/en\/wp-json\/wp\/v2\/pages"}],"about":[{"href":"https:\/\/www.goering.de\/en\/wp-json\/wp\/v2\/types\/page"}],"author":[{"embeddable":true,"href":"https:\/\/www.goering.de\/en\/wp-json\/wp\/v2\/users\/1"}],"replies":[{"embeddable":true,"href":"https:\/\/www.goering.de\/en\/wp-json\/wp\/v2\/comments?post=10385"}],"version-history":[{"count":51,"href":"https:\/\/www.goering.de\/en\/wp-json\/wp\/v2\/pages\/10385\/revisions"}],"predecessor-version":[{"id":10442,"href":"https:\/\/www.goering.de\/en\/wp-json\/wp\/v2\/pages\/10385\/revisions\/10442"}],"wp:attachment":[{"href":"https:\/\/www.goering.de\/en\/wp-json\/wp\/v2\/media?parent=10385"}],"curies":[{"name":"wp","href":"https:\/\/api.w.org\/{rel}","templated":true}]}}