{"id":3161,"date":"2020-09-10T10:10:16","date_gmt":"2020-09-10T10:10:16","guid":{"rendered":"https:\/\/webon.qodeinteractive.com\/?page_id=3161"},"modified":"2021-08-15T21:48:05","modified_gmt":"2021-08-15T19:48:05","slug":"faq","status":"publish","type":"page","link":"https:\/\/www.goering.de\/en\/faq\/","title":{"rendered":"FAQ"},"content":{"rendered":"<div data-elementor-type=\"wp-page\" data-elementor-id=\"3161\" class=\"elementor elementor-3161\" data-elementor-post-type=\"page\">\n\t\t\t\t\t\t<section class=\"elementor-section elementor-top-section elementor-element elementor-element-72d10b1 qodef-elementor-content-grid elementor-section-boxed elementor-section-height-default elementor-section-height-default\" data-id=\"72d10b1\" data-element_type=\"section\" data-e-type=\"section\">\n\t\t\t\t\t\t<div class=\"elementor-container elementor-column-gap-default\">\n\t\t\t\t\t<div class=\"elementor-column elementor-col-100 elementor-top-column elementor-element elementor-element-dbb57cc\" data-id=\"dbb57cc\" data-element_type=\"column\" data-e-type=\"column\">\n\t\t\t<div class=\"elementor-widget-wrap elementor-element-populated\">\n\t\t\t\t\t\t<div class=\"elementor-element elementor-element-95d63e7 elementor-widget elementor-widget-webon_core_accordion\" data-id=\"95d63e7\" data-element_type=\"widget\" data-e-type=\"widget\" data-widget_type=\"webon_core_accordion.default\">\n\t\t\t\t<div class=\"elementor-widget-container\">\n\t\t\t\t\t<div class=\"qodef-shortcode qodef-m  qodef-accordion clear qodef-behavior--accordion qodef-layout--modern\">\n\t<\/div>\t\t\t\t<\/div>\n\t\t\t\t<\/div>\n\t\t\t\t\t<\/div>\n\t\t<\/div>\n\t\t\t\t\t<\/div>\n\t\t<\/section>\n\t\t\t\t<section class=\"elementor-section elementor-top-section elementor-element elementor-element-d188276 elementor-section-boxed elementor-section-height-default elementor-section-height-default qodef-elementor-content-no\" data-id=\"d188276\" data-element_type=\"section\" data-e-type=\"section\">\n\t\t\t\t\t\t<div class=\"elementor-container elementor-column-gap-default\">\n\t\t\t\t\t<div class=\"elementor-column elementor-col-100 elementor-top-column elementor-element elementor-element-5260efa\" data-id=\"5260efa\" data-element_type=\"column\" data-e-type=\"column\">\n\t\t\t<div class=\"elementor-widget-wrap elementor-element-populated\">\n\t\t\t\t\t\t<div class=\"elementor-element elementor-element-de9f08b elementor-widget elementor-widget-webon_core_accordion\" data-id=\"de9f08b\" data-element_type=\"widget\" data-e-type=\"widget\" data-widget_type=\"webon_core_accordion.default\">\n\t\t\t\t<div class=\"elementor-widget-container\">\n\t\t\t\t\t<div class=\"qodef-shortcode qodef-m  qodef-accordion clear qodef-behavior--accordion qodef-layout--simple\">\n\t<h4 class=\"qodef-accordion-title\">\n\t<span class=\"qodef-tab-title\">\n\t\tWhy GOERING ?\t<\/span>\n\t<span class=\"qodef-accordion-mark\">\n\t\t<span class=\"qodef-icon--plus\"><svg xmlns=\"http:\/\/www.w3.org\/2000\/svg\" xmlns:xlink=\"http:\/\/www.w3.org\/1999\/xlink\" x=\"0px\" y=\"0px\"\n\t\t\t\t\t viewbox=\"0 0 16 16\" style=\"enable-background:new 0 0 16 16;\" xml:space=\"preserve\">\n\t\t\t\t<g>\n\t\t\t\t\t<path fill=\"currentColor\" d=\"M8.45,7.56h7.11c0.12-0.01,0.23,0.03,0.32,0.12C15.96,7.78,16.01,7.88,16,8c0.01,0.06,0,0.11-0.02,0.17\t\t\t\t\t\tc-0.02,0.06-0.06,0.11-0.1,0.15s-0.09,0.07-0.14,0.09c-0.05,0.02-0.11,0.03-0.18,0.03H8.45v7.11c0,0.07-0.01,0.13-0.03,0.18\t\t\t\t\t\tc-0.02,0.05-0.05,0.1-0.09,0.14s-0.09,0.07-0.15,0.1C8.12,16,8.06,16.01,8,16c-0.12,0.01-0.23-0.03-0.32-0.12\t\t\t\t\t\tc-0.09-0.09-0.13-0.2-0.12-0.32V8.45H0.45c-0.13,0-0.24-0.04-0.33-0.13S0,8.12,0,7.99c0-0.11,0.04-0.22,0.13-0.3\t\t\t\t\t\ts0.19-0.13,0.31-0.14l7.12,0.01L7.55,0.44C7.56,0.32,7.6,0.22,7.69,0.13S7.88,0,7.99,0c0.13,0,0.24,0.04,0.33,0.13\t\t\t\t\t\ts0.13,0.19,0.13,0.33V7.56z\"\/>\n\t\t\t\t<\/g>\n\t\t\t\t<\/svg><\/span>\n\t\t<span class=\"qodef-icon--minus\"><svg xmlns=\"http:\/\/www.w3.org\/2000\/svg\" xmlns:xlink=\"http:\/\/www.w3.org\/1999\/xlink\" x=\"0px\" y=\"0px\"\n\t\t\t\t\t viewbox=\"0 0 16 16\" style=\"enable-background:new 0 0 16 16;\" xml:space=\"preserve\">\n\t\t\t\t<path fill=\"currentColor\" d=\"M15.55,7.56c0.12-0.01,0.23,0.03,0.32,0.12c0.09,0.09,0.13,0.2,0.12,0.32c0.01,0.06,0,0.11-0.02,0.17\t\t\t\t\tc-0.02,0.06-0.06,0.11-0.1,0.15c-0.04,0.04-0.09,0.07-0.14,0.09c-0.05,0.02-0.11,0.03-0.18,0.03H0.45c-0.13,0-0.24-0.04-0.33-0.13\t\t\t\t\tS0,8.13,0,7.99c0-0.11,0.04-0.22,0.13-0.3s0.19-0.13,0.31-0.14L15.55,7.56z\"\/>\n\t\t\t\t<\/svg><\/span>\n\t<\/span>\n<\/h4>\n<div class=\"qodef-accordion-content\">\n\t<div class=\"qodef-accordion-content-inner\">\n\t\t<p>We are ready for action, customer-oriented and positioned with individual products and solutions.<\/p>\t<\/div>\n<\/div><h4 class=\"qodef-accordion-title\">\n\t<span class=\"qodef-tab-title\">\n\t\tHow quickly are the products to be integrated?\t<\/span>\n\t<span class=\"qodef-accordion-mark\">\n\t\t<span class=\"qodef-icon--plus\"><svg xmlns=\"http:\/\/www.w3.org\/2000\/svg\" xmlns:xlink=\"http:\/\/www.w3.org\/1999\/xlink\" x=\"0px\" y=\"0px\"\n\t\t\t\t\t viewbox=\"0 0 16 16\" style=\"enable-background:new 0 0 16 16;\" xml:space=\"preserve\">\n\t\t\t\t<g>\n\t\t\t\t\t<path fill=\"currentColor\" d=\"M8.45,7.56h7.11c0.12-0.01,0.23,0.03,0.32,0.12C15.96,7.78,16.01,7.88,16,8c0.01,0.06,0,0.11-0.02,0.17\t\t\t\t\t\tc-0.02,0.06-0.06,0.11-0.1,0.15s-0.09,0.07-0.14,0.09c-0.05,0.02-0.11,0.03-0.18,0.03H8.45v7.11c0,0.07-0.01,0.13-0.03,0.18\t\t\t\t\t\tc-0.02,0.05-0.05,0.1-0.09,0.14s-0.09,0.07-0.15,0.1C8.12,16,8.06,16.01,8,16c-0.12,0.01-0.23-0.03-0.32-0.12\t\t\t\t\t\tc-0.09-0.09-0.13-0.2-0.12-0.32V8.45H0.45c-0.13,0-0.24-0.04-0.33-0.13S0,8.12,0,7.99c0-0.11,0.04-0.22,0.13-0.3\t\t\t\t\t\ts0.19-0.13,0.31-0.14l7.12,0.01L7.55,0.44C7.56,0.32,7.6,0.22,7.69,0.13S7.88,0,7.99,0c0.13,0,0.24,0.04,0.33,0.13\t\t\t\t\t\ts0.13,0.19,0.13,0.33V7.56z\"\/>\n\t\t\t\t<\/g>\n\t\t\t\t<\/svg><\/span>\n\t\t<span class=\"qodef-icon--minus\"><svg xmlns=\"http:\/\/www.w3.org\/2000\/svg\" xmlns:xlink=\"http:\/\/www.w3.org\/1999\/xlink\" x=\"0px\" y=\"0px\"\n\t\t\t\t\t viewbox=\"0 0 16 16\" style=\"enable-background:new 0 0 16 16;\" xml:space=\"preserve\">\n\t\t\t\t<path fill=\"currentColor\" d=\"M15.55,7.56c0.12-0.01,0.23,0.03,0.32,0.12c0.09,0.09,0.13,0.2,0.12,0.32c0.01,0.06,0,0.11-0.02,0.17\t\t\t\t\tc-0.02,0.06-0.06,0.11-0.1,0.15c-0.04,0.04-0.09,0.07-0.14,0.09c-0.05,0.02-0.11,0.03-0.18,0.03H0.45c-0.13,0-0.24-0.04-0.33-0.13\t\t\t\t\tS0,8.13,0,7.99c0-0.11,0.04-0.22,0.13-0.3s0.19-0.13,0.31-0.14L15.55,7.56z\"\/>\n\t\t\t\t<\/svg><\/span>\n\t<\/span>\n<\/h4>\n<div class=\"qodef-accordion-content\">\n\t<div class=\"qodef-accordion-content-inner\">\n\t\t<p>Regular updates of our products are guaranteed and, depending on the product, can be integrated in a few minutes without much effort.<\/p>\t<\/div>\n<\/div><\/div>\t\t\t\t<\/div>\n\t\t\t\t<\/div>\n\t\t\t\t\t<\/div>\n\t\t<\/div>\n\t\t\t\t\t<\/div>\n\t\t<\/section>\n\t\t\t\t<\/div>","protected":false},"excerpt":{"rendered":"<p>Why GOERING ? We are ready for action, customer-oriented and positioned with individual products and solutions. How quickly can the products be integrated? Regular updates of our products are guaranteed and, depending on the product, can be integrated in a few minutes without much effort.<\/p>","protected":false},"author":1,"featured_media":0,"parent":0,"menu_order":0,"comment_status":"closed","ping_status":"closed","template":"","meta":{"footnotes":""},"class_list":["post-3161","page","type-page","status-publish","hentry"],"yoast_head":"<!-- This site is optimized with the Yoast SEO plugin v27.4 - https:\/\/yoast.com\/product\/yoast-seo-wordpress\/ -->\n<title>FAQ - GOERING GmbH<\/title>\n<meta name=\"robots\" content=\"index, follow, max-snippet:-1, max-image-preview:large, max-video-preview:-1\" \/>\n<link rel=\"canonical\" href=\"https:\/\/www.goering.de\/en\/faq\/\" \/>\n<meta property=\"og:locale\" content=\"en_GB\" \/>\n<meta property=\"og:type\" content=\"article\" \/>\n<meta property=\"og:title\" content=\"FAQ - GOERING GmbH\" \/>\n<meta property=\"og:description\" content=\"Warum GOERING ? Wir sind Einsatzbereit, Kundenorientiert und mit individuellen Produkten und L\u00f6sungen aufgestellt. Wie z\u00fcgig sind die Produkte zu integrieren? Regelm\u00e4\u00dfige Updates unserer Produkte sind garantiert und sind je nach Produkt in wenigen Minuten ohne viel Aufwand integriert.\" \/>\n<meta property=\"og:url\" content=\"https:\/\/www.goering.de\/en\/faq\/\" \/>\n<meta property=\"og:site_name\" content=\"GOERING GmbH\" \/>\n<meta property=\"article:modified_time\" content=\"2021-08-15T19:48:05+00:00\" \/>\n<meta name=\"twitter:card\" content=\"summary_large_image\" \/>\n<script type=\"application\/ld+json\" class=\"yoast-schema-graph\">{\"@context\":\"https:\\\/\\\/schema.org\",\"@graph\":[{\"@type\":\"WebPage\",\"@id\":\"https:\\\/\\\/www.goering.de\\\/faq\\\/\",\"url\":\"https:\\\/\\\/www.goering.de\\\/faq\\\/\",\"name\":\"FAQ - GOERING GmbH\",\"isPartOf\":{\"@id\":\"https:\\\/\\\/www.goering.de\\\/de\\\/#website\"},\"datePublished\":\"2020-09-10T10:10:16+00:00\",\"dateModified\":\"2021-08-15T19:48:05+00:00\",\"breadcrumb\":{\"@id\":\"https:\\\/\\\/www.goering.de\\\/faq\\\/#breadcrumb\"},\"inLanguage\":\"en-GB\",\"potentialAction\":[{\"@type\":\"ReadAction\",\"target\":[\"https:\\\/\\\/www.goering.de\\\/faq\\\/\"]}]},{\"@type\":\"BreadcrumbList\",\"@id\":\"https:\\\/\\\/www.goering.de\\\/faq\\\/#breadcrumb\",\"itemListElement\":[{\"@type\":\"ListItem\",\"position\":1,\"name\":\"Startseite\",\"item\":\"https:\\\/\\\/www.goering.de\\\/\"},{\"@type\":\"ListItem\",\"position\":2,\"name\":\"FAQ\"}]},{\"@type\":\"WebSite\",\"@id\":\"https:\\\/\\\/www.goering.de\\\/de\\\/#website\",\"url\":\"https:\\\/\\\/www.goering.de\\\/de\\\/\",\"name\":\"GOERING GmbH\",\"description\":\"L\u00f6sungen und Modernisierungen f\u00fcr Ihre POWER i Tools!\",\"publisher\":{\"@id\":\"https:\\\/\\\/www.goering.de\\\/de\\\/#organization\"},\"potentialAction\":[{\"@type\":\"SearchAction\",\"target\":{\"@type\":\"EntryPoint\",\"urlTemplate\":\"https:\\\/\\\/www.goering.de\\\/de\\\/?s={search_term_string}\"},\"query-input\":{\"@type\":\"PropertyValueSpecification\",\"valueRequired\":true,\"valueName\":\"search_term_string\"}}],\"inLanguage\":\"en-GB\"},{\"@type\":\"Organization\",\"@id\":\"https:\\\/\\\/www.goering.de\\\/de\\\/#organization\",\"name\":\"GOERING GmbH\",\"url\":\"https:\\\/\\\/www.goering.de\\\/de\\\/\",\"logo\":{\"@type\":\"ImageObject\",\"inLanguage\":\"en-GB\",\"@id\":\"https:\\\/\\\/www.goering.de\\\/de\\\/#\\\/schema\\\/logo\\\/image\\\/\",\"url\":\"https:\\\/\\\/www.goering.de\\\/wp-content\\\/uploads\\\/2020\\\/12\\\/cropped-logo-sticky-GOERING-150x74-1.png\",\"contentUrl\":\"https:\\\/\\\/www.goering.de\\\/wp-content\\\/uploads\\\/2020\\\/12\\\/cropped-logo-sticky-GOERING-150x74-1.png\",\"width\":150,\"height\":74,\"caption\":\"GOERING GmbH\"},\"image\":{\"@id\":\"https:\\\/\\\/www.goering.de\\\/de\\\/#\\\/schema\\\/logo\\\/image\\\/\"}}]}<\/script>\n<!-- \/ Yoast SEO plugin. -->","yoast_head_json":{"title":"FAQ - GOERING GmbH","robots":{"index":"index","follow":"follow","max-snippet":"max-snippet:-1","max-image-preview":"max-image-preview:large","max-video-preview":"max-video-preview:-1"},"canonical":"https:\/\/www.goering.de\/en\/faq\/","og_locale":"en_GB","og_type":"article","og_title":"FAQ - GOERING GmbH","og_description":"Warum GOERING ? Wir sind Einsatzbereit, Kundenorientiert und mit individuellen Produkten und L\u00f6sungen aufgestellt. Wie z\u00fcgig sind die Produkte zu integrieren? Regelm\u00e4\u00dfige Updates unserer Produkte sind garantiert und sind je nach Produkt in wenigen Minuten ohne viel Aufwand integriert.","og_url":"https:\/\/www.goering.de\/en\/faq\/","og_site_name":"GOERING GmbH","article_modified_time":"2021-08-15T19:48:05+00:00","twitter_card":"summary_large_image","schema":{"@context":"https:\/\/schema.org","@graph":[{"@type":"WebPage","@id":"https:\/\/www.goering.de\/faq\/","url":"https:\/\/www.goering.de\/faq\/","name":"FAQ - GOERING GmbH","isPartOf":{"@id":"https:\/\/www.goering.de\/de\/#website"},"datePublished":"2020-09-10T10:10:16+00:00","dateModified":"2021-08-15T19:48:05+00:00","breadcrumb":{"@id":"https:\/\/www.goering.de\/faq\/#breadcrumb"},"inLanguage":"en-GB","potentialAction":[{"@type":"ReadAction","target":["https:\/\/www.goering.de\/faq\/"]}]},{"@type":"BreadcrumbList","@id":"https:\/\/www.goering.de\/faq\/#breadcrumb","itemListElement":[{"@type":"ListItem","position":1,"name":"Startseite","item":"https:\/\/www.goering.de\/"},{"@type":"ListItem","position":2,"name":"FAQ"}]},{"@type":"WebSite","@id":"https:\/\/www.goering.de\/de\/#website","url":"https:\/\/www.goering.de\/de\/","name":"GOERING GmbH","description":"Solutions and modernisations for your POWER i Tools!","publisher":{"@id":"https:\/\/www.goering.de\/de\/#organization"},"potentialAction":[{"@type":"SearchAction","target":{"@type":"EntryPoint","urlTemplate":"https:\/\/www.goering.de\/de\/?s={search_term_string}"},"query-input":{"@type":"PropertyValueSpecification","valueRequired":true,"valueName":"search_term_string"}}],"inLanguage":"en-GB"},{"@type":"Organization","@id":"https:\/\/www.goering.de\/de\/#organization","name":"GOERING GmbH","url":"https:\/\/www.goering.de\/de\/","logo":{"@type":"ImageObject","inLanguage":"en-GB","@id":"https:\/\/www.goering.de\/de\/#\/schema\/logo\/image\/","url":"https:\/\/www.goering.de\/wp-content\/uploads\/2020\/12\/cropped-logo-sticky-GOERING-150x74-1.png","contentUrl":"https:\/\/www.goering.de\/wp-content\/uploads\/2020\/12\/cropped-logo-sticky-GOERING-150x74-1.png","width":150,"height":74,"caption":"GOERING GmbH"},"image":{"@id":"https:\/\/www.goering.de\/de\/#\/schema\/logo\/image\/"}}]}},"_links":{"self":[{"href":"https:\/\/www.goering.de\/en\/wp-json\/wp\/v2\/pages\/3161","targetHints":{"allow":["GET"]}}],"collection":[{"href":"https:\/\/www.goering.de\/en\/wp-json\/wp\/v2\/pages"}],"about":[{"href":"https:\/\/www.goering.de\/en\/wp-json\/wp\/v2\/types\/page"}],"author":[{"embeddable":true,"href":"https:\/\/www.goering.de\/en\/wp-json\/wp\/v2\/users\/1"}],"replies":[{"embeddable":true,"href":"https:\/\/www.goering.de\/en\/wp-json\/wp\/v2\/comments?post=3161"}],"version-history":[{"count":20,"href":"https:\/\/www.goering.de\/en\/wp-json\/wp\/v2\/pages\/3161\/revisions"}],"predecessor-version":[{"id":12292,"href":"https:\/\/www.goering.de\/en\/wp-json\/wp\/v2\/pages\/3161\/revisions\/12292"}],"wp:attachment":[{"href":"https:\/\/www.goering.de\/en\/wp-json\/wp\/v2\/media?parent=3161"}],"curies":[{"name":"wp","href":"https:\/\/api.w.org\/{rel}","templated":true}]}}