{"id":9256,"date":"2021-08-11T11:20:44","date_gmt":"2021-08-11T09:20:44","guid":{"rendered":"https:\/\/www.goering.de\/?page_id=9256"},"modified":"2021-08-11T11:24:55","modified_gmt":"2021-08-11T09:24:55","slug":"impressum","status":"publish","type":"page","link":"https:\/\/www.goering.de\/en\/impressum\/","title":{"rendered":"Legal notice"},"content":{"rendered":"<h3>Information according to \u00a7 5 TMG:<\/h3>\n<p>GOERING GmbH<br \/>\nAlter Unter\u00f6wisheimer Weg 19<br \/>\n76646 Bruchsal<\/p>\n<h3>Represented by:<\/h3>\n<p>Represented by:<br \/>\nGOERING GmbH<\/p>\n<p>EXECUTIvE MANAGERS: ANDREAS G\u00d6RING AND ANNETTE G\u00d6RING<\/p>\n<h3>Contact:<\/h3>\n<p>Phone: 07251 98 95 12<br \/>\nFax: 07251 98 95 13<br \/>\nE-mail: info@goering.de<\/p>\n<h3>Register entry:<\/h3>\n<p>Entry in the commercial register.<br \/>\nRegister Court:Local Court Mannheim<br \/>\nRegistration number: HRB 726147<\/p>\n<h3>Sales tax:<\/h3>\n<p>Sales tax identification number according to \u00a727 a Umsatzsteuergesetz:<br \/>\nDE309498834<\/p>\n<h3>Dispute resolution<\/h3>\n<p>The European Commission provides a platform for online dispute resolution (ODR):\u00a0<a href=\"https:\/\/ec.europa.eu\/consumers\/odr\" target=\"_blank\" rel=\"noopener noreferrer\">https:\/\/ec.europa.eu\/consumers\/odr<\/a>.<br \/>\nYou can find our e-mail address in the imprint above.<\/p>\n<p>We are not willing or obliged to participate in dispute resolution proceedings before a consumer arbitration board.<\/p>\n<h4>Liability for contents<\/h4>\n<p>As a service provider, we are responsible for our own content on these pages in accordance with general legislation pursuant to Section 7 (1) of the German Telemedia Act (TMG). However, according to \u00a7\u00a7 8 to 10 TMG, we are not obliged as a service provider to monitor transmitted or stored third-party information or to investigate circumstances that indicate illegal activity.<\/p>\n<p>Obligations to remove or block the use of information in accordance with general laws remain unaffected by this. However, liability in this regard is only possible from the time of knowledge of a concrete infringement. If we become aware of corresponding infringements, we will remove this content immediately.<\/p>\n<h4>Liability for links<\/h4>\n<p>Our offer contains links to external websites of third parties, on whose contents we have no influence. Therefore, we cannot assume any liability for these external contents. The respective provider or operator of the pages is always responsible for the content of the linked pages. The linked pages were checked for possible legal violations at the time of linking. Illegal contents were not recognisable at the time of linking.<\/p>\n<p>However, a permanent control of the contents of the linked pages is not reasonable without concrete evidence of a violation of the law. If we become aware of any infringements of the law, we will remove such links immediately.<\/p>\n<h4>Copyright<\/h4>\n<p>The contents and works created by the site operators on these pages are subject to German copyright law. Duplication, processing, distribution and any kind of exploitation outside the limits of copyright law require the written consent of the respective author or creator. Downloads and copies of this site are only permitted for private, non-commercial use.<\/p>\n<p>Insofar as the content on this page was not created by the operator, the copyrights of third parties are respected. In particular, third-party content is identified as such. Should you nevertheless become aware of a copyright infringement, please inform us accordingly. If we become aware of any infringements, we will remove such content immediately.<\/p>","protected":false},"excerpt":{"rendered":"<p>Angaben gem\u00e4\u00df \u00a7 5 TMG: GOERING GmbH Alter Unter\u00f6wisheimer Weg 19 76646 Bruchsal Vertreten durch: Vertreten durch: GOERING GmbH GESCH\u00c4FTSF\u00dcHRER: ANDREAS G\u00d6RING und ANNETTE G\u00d6RING Kontakt: Telefon: 07251 98 95 12 Telefax: 07251 98 95 13 E-Mail: info@goering.de Registereintrag: Eintragung im Handelsregister. Registergericht:Amtsgericht Mannheim Registernummer: HRB 726147 Umsatzsteuer: Umsatzsteuer-Identifikationsnummer gem\u00e4\u00df \u00a727 a Umsatzsteuergesetz: DE309498834 Streitschlichtung [&hellip;]<\/p>\n","protected":false},"author":1,"featured_media":0,"parent":0,"menu_order":0,"comment_status":"closed","ping_status":"open","template":"","meta":{"footnotes":""},"class_list":["post-9256","page","type-page","status-publish","hentry"],"yoast_head":"<!-- This site is optimized with the Yoast SEO plugin v27.1.1 - https:\/\/yoast.com\/product\/yoast-seo-wordpress\/ -->\n<title>Impressum - GOERING GmbH<\/title>\n<meta name=\"robots\" content=\"index, follow, max-snippet:-1, max-image-preview:large, max-video-preview:-1\" \/>\n<link rel=\"canonical\" href=\"https:\/\/www.goering.de\/en\/impressum\/\" \/>\n<meta property=\"og:locale\" content=\"en_GB\" \/>\n<meta property=\"og:type\" content=\"article\" \/>\n<meta property=\"og:title\" content=\"Impressum - GOERING GmbH\" \/>\n<meta property=\"og:description\" content=\"Angaben gem\u00e4\u00df \u00a7 5 TMG: GOERING GmbH Alter Unter\u00f6wisheimer Weg 19 76646 Bruchsal Vertreten durch: Vertreten durch: GOERING GmbH GESCH\u00c4FTSF\u00dcHRER: ANDREAS G\u00d6RING und ANNETTE G\u00d6RING Kontakt: Telefon: 07251 98 95 12 Telefax: 07251 98 95 13 E-Mail: info@goering.de Registereintrag: Eintragung im Handelsregister. Registergericht:Amtsgericht Mannheim Registernummer: HRB 726147 Umsatzsteuer: Umsatzsteuer-Identifikationsnummer gem\u00e4\u00df \u00a727 a Umsatzsteuergesetz: DE309498834 Streitschlichtung [&hellip;]\" \/>\n<meta property=\"og:url\" content=\"https:\/\/www.goering.de\/en\/impressum\/\" \/>\n<meta property=\"og:site_name\" content=\"GOERING GmbH\" \/>\n<meta property=\"article:modified_time\" content=\"2021-08-11T09:24:55+00:00\" \/>\n<meta name=\"twitter:card\" content=\"summary_large_image\" \/>\n<meta name=\"twitter:label1\" content=\"Estimated reading time\" \/>\n\t<meta name=\"twitter:data1\" content=\"2 minutes\" \/>\n<script type=\"application\/ld+json\" class=\"yoast-schema-graph\">{\"@context\":\"https:\/\/schema.org\",\"@graph\":[{\"@type\":\"WebPage\",\"@id\":\"https:\/\/www.goering.de\/impressum\/\",\"url\":\"https:\/\/www.goering.de\/impressum\/\",\"name\":\"Impressum - GOERING GmbH\",\"isPartOf\":{\"@id\":\"https:\/\/www.goering.de\/de\/#website\"},\"datePublished\":\"2021-08-11T09:20:44+00:00\",\"dateModified\":\"2021-08-11T09:24:55+00:00\",\"breadcrumb\":{\"@id\":\"https:\/\/www.goering.de\/impressum\/#breadcrumb\"},\"inLanguage\":\"en-GB\",\"potentialAction\":[{\"@type\":\"ReadAction\",\"target\":[\"https:\/\/www.goering.de\/impressum\/\"]}]},{\"@type\":\"BreadcrumbList\",\"@id\":\"https:\/\/www.goering.de\/impressum\/#breadcrumb\",\"itemListElement\":[{\"@type\":\"ListItem\",\"position\":1,\"name\":\"Startseite\",\"item\":\"https:\/\/www.goering.de\/\"},{\"@type\":\"ListItem\",\"position\":2,\"name\":\"Impressum\"}]},{\"@type\":\"WebSite\",\"@id\":\"https:\/\/www.goering.de\/de\/#website\",\"url\":\"https:\/\/www.goering.de\/de\/\",\"name\":\"GOERING GmbH\",\"description\":\"L\u00f6sungen und Modernisierungen f\u00fcr Ihre POWER i Tools!\",\"publisher\":{\"@id\":\"https:\/\/www.goering.de\/de\/#organization\"},\"potentialAction\":[{\"@type\":\"SearchAction\",\"target\":{\"@type\":\"EntryPoint\",\"urlTemplate\":\"https:\/\/www.goering.de\/de\/?s={search_term_string}\"},\"query-input\":{\"@type\":\"PropertyValueSpecification\",\"valueRequired\":true,\"valueName\":\"search_term_string\"}}],\"inLanguage\":\"en-GB\"},{\"@type\":\"Organization\",\"@id\":\"https:\/\/www.goering.de\/de\/#organization\",\"name\":\"GOERING GmbH\",\"url\":\"https:\/\/www.goering.de\/de\/\",\"logo\":{\"@type\":\"ImageObject\",\"inLanguage\":\"en-GB\",\"@id\":\"https:\/\/www.goering.de\/de\/#\/schema\/logo\/image\/\",\"url\":\"https:\/\/www.goering.de\/wp-content\/uploads\/2020\/12\/cropped-logo-sticky-GOERING-150x74-1.png\",\"contentUrl\":\"https:\/\/www.goering.de\/wp-content\/uploads\/2020\/12\/cropped-logo-sticky-GOERING-150x74-1.png\",\"width\":150,\"height\":74,\"caption\":\"GOERING GmbH\"},\"image\":{\"@id\":\"https:\/\/www.goering.de\/de\/#\/schema\/logo\/image\/\"}}]}<\/script>\n<!-- \/ Yoast SEO plugin. -->","yoast_head_json":{"title":"Imprint - GOERING GmbH","robots":{"index":"index","follow":"follow","max-snippet":"max-snippet:-1","max-image-preview":"max-image-preview:large","max-video-preview":"max-video-preview:-1"},"canonical":"https:\/\/www.goering.de\/en\/impressum\/","og_locale":"en_GB","og_type":"article","og_title":"Impressum - GOERING GmbH","og_description":"Angaben gem\u00e4\u00df \u00a7 5 TMG: GOERING GmbH Alter Unter\u00f6wisheimer Weg 19 76646 Bruchsal Vertreten durch: Vertreten durch: GOERING GmbH GESCH\u00c4FTSF\u00dcHRER: ANDREAS G\u00d6RING und ANNETTE G\u00d6RING Kontakt: Telefon: 07251 98 95 12 Telefax: 07251 98 95 13 E-Mail: info@goering.de Registereintrag: Eintragung im Handelsregister. Registergericht:Amtsgericht Mannheim Registernummer: HRB 726147 Umsatzsteuer: Umsatzsteuer-Identifikationsnummer gem\u00e4\u00df \u00a727 a Umsatzsteuergesetz: DE309498834 Streitschlichtung [&hellip;]","og_url":"https:\/\/www.goering.de\/en\/impressum\/","og_site_name":"GOERING GmbH","article_modified_time":"2021-08-11T09:24:55+00:00","twitter_card":"summary_large_image","twitter_misc":{"Estimated reading time":"2 minutes"},"schema":{"@context":"https:\/\/schema.org","@graph":[{"@type":"WebPage","@id":"https:\/\/www.goering.de\/impressum\/","url":"https:\/\/www.goering.de\/impressum\/","name":"Imprint - GOERING GmbH","isPartOf":{"@id":"https:\/\/www.goering.de\/de\/#website"},"datePublished":"2021-08-11T09:20:44+00:00","dateModified":"2021-08-11T09:24:55+00:00","breadcrumb":{"@id":"https:\/\/www.goering.de\/impressum\/#breadcrumb"},"inLanguage":"en-GB","potentialAction":[{"@type":"ReadAction","target":["https:\/\/www.goering.de\/impressum\/"]}]},{"@type":"BreadcrumbList","@id":"https:\/\/www.goering.de\/impressum\/#breadcrumb","itemListElement":[{"@type":"ListItem","position":1,"name":"Startseite","item":"https:\/\/www.goering.de\/"},{"@type":"ListItem","position":2,"name":"Impressum"}]},{"@type":"WebSite","@id":"https:\/\/www.goering.de\/de\/#website","url":"https:\/\/www.goering.de\/de\/","name":"GOERING GmbH","description":"Solutions and modernisations for your POWER i Tools!","publisher":{"@id":"https:\/\/www.goering.de\/de\/#organization"},"potentialAction":[{"@type":"SearchAction","target":{"@type":"EntryPoint","urlTemplate":"https:\/\/www.goering.de\/de\/?s={search_term_string}"},"query-input":{"@type":"PropertyValueSpecification","valueRequired":true,"valueName":"search_term_string"}}],"inLanguage":"en-GB"},{"@type":"Organization","@id":"https:\/\/www.goering.de\/de\/#organization","name":"GOERING GmbH","url":"https:\/\/www.goering.de\/de\/","logo":{"@type":"ImageObject","inLanguage":"en-GB","@id":"https:\/\/www.goering.de\/de\/#\/schema\/logo\/image\/","url":"https:\/\/www.goering.de\/wp-content\/uploads\/2020\/12\/cropped-logo-sticky-GOERING-150x74-1.png","contentUrl":"https:\/\/www.goering.de\/wp-content\/uploads\/2020\/12\/cropped-logo-sticky-GOERING-150x74-1.png","width":150,"height":74,"caption":"GOERING GmbH"},"image":{"@id":"https:\/\/www.goering.de\/de\/#\/schema\/logo\/image\/"}}]}},"_links":{"self":[{"href":"https:\/\/www.goering.de\/en\/wp-json\/wp\/v2\/pages\/9256","targetHints":{"allow":["GET"]}}],"collection":[{"href":"https:\/\/www.goering.de\/en\/wp-json\/wp\/v2\/pages"}],"about":[{"href":"https:\/\/www.goering.de\/en\/wp-json\/wp\/v2\/types\/page"}],"author":[{"embeddable":true,"href":"https:\/\/www.goering.de\/en\/wp-json\/wp\/v2\/users\/1"}],"replies":[{"embeddable":true,"href":"https:\/\/www.goering.de\/en\/wp-json\/wp\/v2\/comments?post=9256"}],"version-history":[{"count":5,"href":"https:\/\/www.goering.de\/en\/wp-json\/wp\/v2\/pages\/9256\/revisions"}],"predecessor-version":[{"id":9262,"href":"https:\/\/www.goering.de\/en\/wp-json\/wp\/v2\/pages\/9256\/revisions\/9262"}],"wp:attachment":[{"href":"https:\/\/www.goering.de\/en\/wp-json\/wp\/v2\/media?parent=9256"}],"curies":[{"name":"wp","href":"https:\/\/api.w.org\/{rel}","templated":true}]}}